{"id":100,"date":"2023-05-29T20:46:28","date_gmt":"2023-05-29T20:46:28","guid":{"rendered":"http:\/\/lamaland-wm.de\/?page_id=100"},"modified":"2024-10-13T19:09:01","modified_gmt":"2024-10-13T19:09:01","slug":"therapie-2","status":"publish","type":"page","link":"https:\/\/lamaland-wm.de\/?page_id=100","title":{"rendered":"Therapie"},"content":{"rendered":"<p>[et_pb_section fb_built=&#8220;1&#8243; admin_label=&#8220;Header&#8220; _builder_version=&#8220;4.20.0&#8243; _module_preset=&#8220;default&#8220; background_color=&#8220;#F9F6F1&#8243; use_background_color_gradient=&#8220;on&#8220; background_color_gradient_direction=&#8220;90deg&#8220; background_color_gradient_stops=&#8220;rgba(255,255,255,0) 37%|#ffffff 37%&#8220; background_color_gradient_overlays_image=&#8220;on&#8220; background_enable_image=&#8220;off&#8220; background_last_edited=&#8220;on|desktop&#8220; background_color_gradient_direction_tablet=&#8220;-180deg&#8220; locked=&#8220;off&#8220; collapsed=&#8220;on&#8220; global_colors_info=&#8220;{}&#8220;][et_pb_row column_structure=&#8220;1_3,2_3&#8243; _builder_version=&#8220;4.20.0&#8243; _module_preset=&#8220;default&#8220; global_colors_info=&#8220;{}&#8220;][et_pb_column type=&#8220;1_3&#8243; _builder_version=&#8220;4.20.0&#8243; _module_preset=&#8220;default&#8220; global_colors_info=&#8220;{}&#8220;][et_pb_image src=&#8220;http:\/\/lamaland-wm.de\/wp-content\/uploads\/2023\/06\/DSC00658-scaled.jpg&#8220; title_text=&#8220;DSC00658&#8243; _builder_version=&#8220;4.21.0&#8243; _module_preset=&#8220;default&#8220; max_height_tablet=&#8220;300px&#8220; max_height_phone=&#8220;300px&#8220; max_height_last_edited=&#8220;on|tablet&#8220; global_colors_info=&#8220;{}&#8220;][\/et_pb_image][\/et_pb_column][et_pb_column type=&#8220;2_3&#8243; _builder_version=&#8220;4.20.0&#8243; _module_preset=&#8220;default&#8220; global_colors_info=&#8220;{}&#8220;][et_pb_text _builder_version=&#8220;4.21.0&#8243; _module_preset=&#8220;f238f2b5-9fcd-4957-ab2f-f7a24192ff1d&#8220; global_colors_info=&#8220;{}&#8220;]<\/p>\n<h1 style=\"text-align: left;\"><b>Therapie <\/b><\/h1>\n<p>[\/et_pb_text][et_pb_button button_url=&#8220;http:\/\/lamaland-wm.de\/?page_id=139&#8243; button_text=&#8220;Anfrage stellen&#8220; button_alignment=&#8220;left&#8220; _builder_version=&#8220;4.21.0&#8243; _module_preset=&#8220;b6b4690f-4609-47f4-ac6c-af1b9432791c&#8220; global_colors_info=&#8220;{}&#8220;][\/et_pb_button][et_pb_text _builder_version=&#8220;4.21.0&#8243; _module_preset=&#8220;eecdcf83-e63c-4bce-8807-670bbad3e4d8&#8243; locked=&#8220;off&#8220; global_colors_info=&#8220;{}&#8220;]<\/p>\n<p>&nbsp;<\/p>\n<p><span style=\"font-weight: 400;\">Lamas sind sehr heilsame und ruhige Tiere, die aber auch neugierig und darum sehr gern als Co-Therapeuten eingesetzt werden. Ihr besonderes Merkmal ist, dass sie sogenannte \u201eMuskelleser\u201c sind, also genau das widerspiegeln was der Klient ihnen bietet und der Mensch somit stets aufgefordert wird, an sich zu arbeiten. Mein Fokus liegt hier besonders auf der pers\u00f6nlichen Achtsamkeit. Leider ist die tiergest\u00fctzte Therapie nach wie vor keine Kassenleistung, sondern muss privat gezahlt werden. Jedoch sind aktuell die Wartezeiten auf einen Therapieplatz bei einem Psychologischen Psychotherapeut oder Kinder-und Jugendlichenpsychotherapeut sehr lang, sodass sich diese Therapieform durchaus anbietet, die Wartezeit zu \u00fcberbr\u00fccken.\u00a0<\/span><\/p>\n<p>Angelehnt an die ambulante psychotherapeutische Verhaltenstherapie vereinbaren wir zuallererst ein Erstgespr\u00e4ch. Hierbei geht es um ein erstes Kennenlernen und Kl\u00e4rung des Anliegens, der Fokus liegt hierbei bei den psychischen Krankheitsbildern wie z.B. einer depressiven Episode, Angst-\/Zwangsst\u00f6rung, hyperkinetische St\u00f6rung, Essst\u00f6rung (ICD 10) und der pers\u00f6nlichen Zielsetzung bzw. Erwartungshaltung. Anschlie\u00dfend besprechen wir das weitere Vorgehen und einen festen w\u00f6chentlichen Therapietermin\u00a0 f\u00fcr die kommende Zeit, um eine ganzheitliche Verbesserung anzustreben. Bei manchen Sitzungen ist sicherlich auch systemischer Aspekt mit der Familie\/dem Partner\/der Partnerin\/den Eltern sinnvoll, dies planen wir im Vorfeld.\u00a0<\/p>\n<p>F\u00fcr weitere Fragen oder konkrete Anliegen, kontaktieren Sie uns bitte telefonisch oder per E-Mail.\u00a0<\/p>\n<p><span style=\"font-weight: 400;\"><strong>Einzeltherapie<\/strong> 50 Minuten 65 Euro\u00a0<\/span><\/p>\n<p><span style=\"font-weight: 400;\">Gruppentherapie je nach Gr\u00f6\u00dfe und Terminanzahl\u00a0<\/span><\/p>\n<p><span style=\"font-weight: 400;\">Stand Oktober 2023. Der Preis enth\u00e4lt keine Umsatzsteuer nach der Kleinunternehmerregelung. Basis f\u00fcr Leistungserbringungen und deren Begleichung ist der Behandlungsvertrag, den wir vor Therapiebeginn miteinander abschlie\u00dfen.<\/span><\/p>\n<p><br style=\"font-weight: 400;\" \/><br style=\"font-weight: 400;\" \/><\/p>\n<p><br style=\"font-weight: 400;\" \/><br style=\"font-weight: 400;\" \/><\/p>\n<p>[\/et_pb_text][et_pb_image src=&#8220;http:\/\/lamaland-wm.de\/wp-content\/uploads\/2023\/06\/20230527_171310.jpg&#8220; title_text=&#8220;20230527_171310&#8243; _builder_version=&#8220;4.21.0&#8243; _module_preset=&#8220;default&#8220; custom_margin=&#8220;-160px|||||&#8220; custom_padding=&#8220;134px|||||&#8220; locked=&#8220;off&#8220; global_colors_info=&#8220;{}&#8220;][\/et_pb_image][et_pb_image src=&#8220;http:\/\/lamaland-wm.de\/wp-content\/uploads\/2023\/06\/20230527_163543.jpg&#8220; title_text=&#8220;20230527_163543&#8243; _builder_version=&#8220;4.21.0&#8243; _module_preset=&#8220;default&#8220; global_colors_info=&#8220;{}&#8220;][\/et_pb_image][\/et_pb_column][\/et_pb_row][\/et_pb_section]<\/p>\n","protected":false},"excerpt":{"rendered":"<p>Therapie &nbsp; Lamas sind sehr heilsame und ruhige Tiere, die aber auch neugierig und darum sehr gern als Co-Therapeuten eingesetzt werden. Ihr besonderes Merkmal ist, dass sie sogenannte \u201eMuskelleser\u201c sind, also genau das widerspiegeln was der Klient ihnen bietet und der Mensch somit stets aufgefordert wird, an sich zu arbeiten. Mein Fokus liegt hier besonders [&hellip;]<\/p>\n","protected":false},"author":1,"featured_media":0,"parent":0,"menu_order":0,"comment_status":"closed","ping_status":"closed","template":"","meta":{"_et_pb_use_builder":"on","_et_pb_old_content":"","_et_gb_content_width":""},"yoast_head":"<!-- This site is optimized with the Yoast SEO plugin v20.9 - https:\/\/yoast.com\/wordpress\/plugins\/seo\/ -->\n<title>Therapie mit Tieren und Lamas<\/title>\n<meta name=\"description\" content=\"Therapie mit Lamas und Tieren, gute Erfolgschancen, unkomplizierte Abwicklung\" \/>\n<meta name=\"robots\" content=\"index, follow, max-snippet:-1, max-image-preview:large, max-video-preview:-1\" \/>\n<link rel=\"canonical\" href=\"https:\/\/lamaland-wm.de\/?page_id=100\" \/>\n<meta property=\"og:locale\" content=\"de_DE\" \/>\n<meta property=\"og:type\" content=\"article\" \/>\n<meta property=\"og:title\" content=\"Therapie mit Tieren und Lamas\" \/>\n<meta property=\"og:description\" content=\"Therapie mit Lamas und Tieren, gute Erfolgschancen, unkomplizierte Abwicklung\" \/>\n<meta property=\"og:url\" content=\"https:\/\/lamaland-wm.de\/?page_id=100\" \/>\n<meta property=\"og:site_name\" content=\"Lamaland-wm\" \/>\n<meta property=\"article:modified_time\" content=\"2024-10-13T19:09:01+00:00\" \/>\n<meta name=\"twitter:card\" content=\"summary_large_image\" \/>\n<script type=\"application\/ld+json\" class=\"yoast-schema-graph\">{\"@context\":\"https:\/\/schema.org\",\"@graph\":[{\"@type\":\"WebPage\",\"@id\":\"https:\/\/lamaland-wm.de\/?page_id=100\",\"url\":\"https:\/\/lamaland-wm.de\/?page_id=100\",\"name\":\"Therapie mit Tieren und Lamas\",\"isPartOf\":{\"@id\":\"https:\/\/lamaland-wm.de\/#website\"},\"datePublished\":\"2023-05-29T20:46:28+00:00\",\"dateModified\":\"2024-10-13T19:09:01+00:00\",\"description\":\"Therapie mit Lamas und Tieren, gute Erfolgschancen, unkomplizierte Abwicklung\",\"breadcrumb\":{\"@id\":\"https:\/\/lamaland-wm.de\/?page_id=100#breadcrumb\"},\"inLanguage\":\"de-DE\",\"potentialAction\":[{\"@type\":\"ReadAction\",\"target\":[\"https:\/\/lamaland-wm.de\/?page_id=100\"]}]},{\"@type\":\"BreadcrumbList\",\"@id\":\"https:\/\/lamaland-wm.de\/?page_id=100#breadcrumb\",\"itemListElement\":[{\"@type\":\"ListItem\",\"position\":1,\"name\":\"Startseite\",\"item\":\"https:\/\/lamaland-wm.de\/\"},{\"@type\":\"ListItem\",\"position\":2,\"name\":\"Therapie\"}]},{\"@type\":\"WebSite\",\"@id\":\"https:\/\/lamaland-wm.de\/#website\",\"url\":\"https:\/\/lamaland-wm.de\/\",\"name\":\"Lamaland-wm\",\"description\":\"Alles rund um Lamas \",\"publisher\":{\"@id\":\"https:\/\/lamaland-wm.de\/#organization\"},\"potentialAction\":[{\"@type\":\"SearchAction\",\"target\":{\"@type\":\"EntryPoint\",\"urlTemplate\":\"https:\/\/lamaland-wm.de\/?s={search_term_string}\"},\"query-input\":\"required name=search_term_string\"}],\"inLanguage\":\"de-DE\"},{\"@type\":\"Organization\",\"@id\":\"https:\/\/lamaland-wm.de\/#organization\",\"name\":\"Lamaland-wm\",\"url\":\"https:\/\/lamaland-wm.de\/\",\"logo\":{\"@type\":\"ImageObject\",\"inLanguage\":\"de-DE\",\"@id\":\"https:\/\/lamaland-wm.de\/#\/schema\/logo\/image\/\",\"url\":null,\"contentUrl\":null,\"width\":1024,\"height\":791,\"caption\":\"Lamaland-wm\"},\"image\":{\"@id\":\"https:\/\/lamaland-wm.de\/#\/schema\/logo\/image\/\"}}]}<\/script>\n<!-- \/ Yoast SEO plugin. -->","yoast_head_json":{"title":"Therapie mit Tieren und Lamas","description":"Therapie mit Lamas und Tieren, gute Erfolgschancen, unkomplizierte Abwicklung","robots":{"index":"index","follow":"follow","max-snippet":"max-snippet:-1","max-image-preview":"max-image-preview:large","max-video-preview":"max-video-preview:-1"},"canonical":"https:\/\/lamaland-wm.de\/?page_id=100","og_locale":"de_DE","og_type":"article","og_title":"Therapie mit Tieren und Lamas","og_description":"Therapie mit Lamas und Tieren, gute Erfolgschancen, unkomplizierte Abwicklung","og_url":"https:\/\/lamaland-wm.de\/?page_id=100","og_site_name":"Lamaland-wm","article_modified_time":"2024-10-13T19:09:01+00:00","twitter_card":"summary_large_image","schema":{"@context":"https:\/\/schema.org","@graph":[{"@type":"WebPage","@id":"https:\/\/lamaland-wm.de\/?page_id=100","url":"https:\/\/lamaland-wm.de\/?page_id=100","name":"Therapie mit Tieren und Lamas","isPartOf":{"@id":"https:\/\/lamaland-wm.de\/#website"},"datePublished":"2023-05-29T20:46:28+00:00","dateModified":"2024-10-13T19:09:01+00:00","description":"Therapie mit Lamas und Tieren, gute Erfolgschancen, unkomplizierte Abwicklung","breadcrumb":{"@id":"https:\/\/lamaland-wm.de\/?page_id=100#breadcrumb"},"inLanguage":"de-DE","potentialAction":[{"@type":"ReadAction","target":["https:\/\/lamaland-wm.de\/?page_id=100"]}]},{"@type":"BreadcrumbList","@id":"https:\/\/lamaland-wm.de\/?page_id=100#breadcrumb","itemListElement":[{"@type":"ListItem","position":1,"name":"Startseite","item":"https:\/\/lamaland-wm.de\/"},{"@type":"ListItem","position":2,"name":"Therapie"}]},{"@type":"WebSite","@id":"https:\/\/lamaland-wm.de\/#website","url":"https:\/\/lamaland-wm.de\/","name":"Lamaland-wm","description":"Alles rund um Lamas ","publisher":{"@id":"https:\/\/lamaland-wm.de\/#organization"},"potentialAction":[{"@type":"SearchAction","target":{"@type":"EntryPoint","urlTemplate":"https:\/\/lamaland-wm.de\/?s={search_term_string}"},"query-input":"required name=search_term_string"}],"inLanguage":"de-DE"},{"@type":"Organization","@id":"https:\/\/lamaland-wm.de\/#organization","name":"Lamaland-wm","url":"https:\/\/lamaland-wm.de\/","logo":{"@type":"ImageObject","inLanguage":"de-DE","@id":"https:\/\/lamaland-wm.de\/#\/schema\/logo\/image\/","url":null,"contentUrl":null,"width":1024,"height":791,"caption":"Lamaland-wm"},"image":{"@id":"https:\/\/lamaland-wm.de\/#\/schema\/logo\/image\/"}}]}},"_links":{"self":[{"href":"https:\/\/lamaland-wm.de\/index.php?rest_route=\/wp\/v2\/pages\/100"}],"collection":[{"href":"https:\/\/lamaland-wm.de\/index.php?rest_route=\/wp\/v2\/pages"}],"about":[{"href":"https:\/\/lamaland-wm.de\/index.php?rest_route=\/wp\/v2\/types\/page"}],"author":[{"embeddable":true,"href":"https:\/\/lamaland-wm.de\/index.php?rest_route=\/wp\/v2\/users\/1"}],"replies":[{"embeddable":true,"href":"https:\/\/lamaland-wm.de\/index.php?rest_route=%2Fwp%2Fv2%2Fcomments&post=100"}],"version-history":[{"count":11,"href":"https:\/\/lamaland-wm.de\/index.php?rest_route=\/wp\/v2\/pages\/100\/revisions"}],"predecessor-version":[{"id":304,"href":"https:\/\/lamaland-wm.de\/index.php?rest_route=\/wp\/v2\/pages\/100\/revisions\/304"}],"wp:attachment":[{"href":"https:\/\/lamaland-wm.de\/index.php?rest_route=%2Fwp%2Fv2%2Fmedia&parent=100"}],"curies":[{"name":"wp","href":"https:\/\/api.w.org\/{rel}","templated":true}]}}