{"id":108,"date":"2023-05-29T20:51:36","date_gmt":"2023-05-29T20:51:36","guid":{"rendered":"http:\/\/lamaland-wm.de\/?page_id=108"},"modified":"2023-12-30T13:23:17","modified_gmt":"2023-12-30T13:23:17","slug":"textilien","status":"publish","type":"page","link":"https:\/\/lamaland-wm.de\/?page_id=108","title":{"rendered":"Textilien"},"content":{"rendered":"<p>[et_pb_section fb_built=&#8220;1&#8243; admin_label=&#8220;Header&#8220; _builder_version=&#8220;4.20.0&#8243; _module_preset=&#8220;default&#8220; background_color=&#8220;#F9F6F1&#8243; use_background_color_gradient=&#8220;on&#8220; background_color_gradient_direction=&#8220;90deg&#8220; background_color_gradient_stops=&#8220;rgba(255,255,255,0) 37%|#ffffff 37%&#8220; background_color_gradient_overlays_image=&#8220;on&#8220; background_enable_image=&#8220;off&#8220; background_last_edited=&#8220;on|desktop&#8220; background_color_gradient_direction_tablet=&#8220;-180deg&#8220; locked=&#8220;off&#8220; collapsed=&#8220;on&#8220; global_colors_info=&#8220;{}&#8220;][et_pb_row column_structure=&#8220;1_3,2_3&#8243; _builder_version=&#8220;4.20.0&#8243; _module_preset=&#8220;default&#8220; global_colors_info=&#8220;{}&#8220;][et_pb_column type=&#8220;1_3&#8243; _builder_version=&#8220;4.20.0&#8243; _module_preset=&#8220;default&#8220; global_colors_info=&#8220;{}&#8220;][et_pb_image src=&#8220;http:\/\/lamaland-wm.de\/wp-content\/uploads\/2023\/05\/produkte-scaled.jpg&#8220; title_text=&#8220;produkte&#8220; _builder_version=&#8220;4.21.0&#8243; _module_preset=&#8220;default&#8220; max_height_tablet=&#8220;300px&#8220; max_height_phone=&#8220;300px&#8220; max_height_last_edited=&#8220;on|tablet&#8220; global_colors_info=&#8220;{}&#8220;][\/et_pb_image][\/et_pb_column][et_pb_column type=&#8220;2_3&#8243; _builder_version=&#8220;4.20.0&#8243; _module_preset=&#8220;default&#8220; global_colors_info=&#8220;{}&#8220;][et_pb_text _builder_version=&#8220;4.21.0&#8243; _module_preset=&#8220;f238f2b5-9fcd-4957-ab2f-f7a24192ff1d&#8220; global_colors_info=&#8220;{}&#8220;]<\/p>\n<h1><b>Textilien <\/b><\/h1>\n<p>[\/et_pb_text][et_pb_button button_url=&#8220;http:\/\/lamaland-wm.de\/?page_id=139&#8243; button_text=&#8220;Anfrage stellen&#8220; _builder_version=&#8220;4.21.0&#8243; _module_preset=&#8220;b6b4690f-4609-47f4-ac6c-af1b9432791c&#8220; global_colors_info=&#8220;{}&#8220;][\/et_pb_button][et_pb_text _builder_version=&#8220;4.21.0&#8243; _module_preset=&#8220;eecdcf83-e63c-4bce-8807-670bbad3e4d8&#8243; locked=&#8220;off&#8220; global_colors_info=&#8220;{}&#8220;]<\/p>\n<p><span style=\"font-weight: 400;\">Trotz oder vielleicht besonders wegen des gro\u00dfen Umzugs nach Deutschland f\u00fchlen wir uns unserer Inkakultur und der lateinamerikanischen Mentalit\u00e4t sehr verbunden. Unsere Agentur managen wir weiterhin von Deutschland aus und stehen dadurch nach wie vor im Gro\u00dfen Austausch mit unseren Kooperationspartnern. In Chinchero, einem kleinen Andendorf auf 3.500 H\u00f6henmeter, direkt zwischen Cusco und Machu Picchu arbeiten wir noch mit einer Familie, die die Wolle ihrer Tiere w\u00e4scht, auslest, mit Naturfarben einf\u00e4rbt und zum Teppichweben oder Stricken verwendet. Um diese ein wenig unterst\u00fctzen zu k\u00f6nnen, verkaufen wir auch hier die Produkte von Pl\u00fcschalpakas, \u00fcber Lederrucks\u00e4cke bis Bekleidung f\u00fcr Kinder, Frauen und M\u00e4nner und Wandteppiche oder Tischl\u00e4ufer.\u00a0<\/span><\/p>\n<p><span style=\"font-weight: 400;\">In unserem \u201ecuarto peruano\u201c finden Sie eine kleine Auswahl dieser Produkte und k\u00f6nnen sich durch diverse Eindr\u00fccke auf einen kleinen Exkurs in die Hochanden einlassen.<\/span><\/p>\n<p>[\/et_pb_text][\/et_pb_column][\/et_pb_row][et_pb_row column_structure=&#8220;1_2,1_2&#8243; _builder_version=&#8220;4.21.0&#8243; _module_preset=&#8220;default&#8220; global_colors_info=&#8220;{}&#8220;][et_pb_column type=&#8220;1_2&#8243; _builder_version=&#8220;4.21.0&#8243; _module_preset=&#8220;default&#8220; global_colors_info=&#8220;{}&#8220;][et_pb_image src=&#8220;http:\/\/lamaland-wm.de\/wp-content\/uploads\/2023\/05\/Plueschalpakas-1.jpg&#8220; title_text=&#8220;Pl\u00fcschalpakas&#8220; _builder_version=&#8220;4.21.0&#8243; _module_preset=&#8220;default&#8220; global_colors_info=&#8220;{}&#8220;][\/et_pb_image][\/et_pb_column][et_pb_column type=&#8220;1_2&#8243; _builder_version=&#8220;4.21.0&#8243; _module_preset=&#8220;default&#8220; global_colors_info=&#8220;{}&#8220;][et_pb_image src=&#8220;http:\/\/lamaland-wm.de\/wp-content\/uploads\/2023\/06\/IMG_20210123_110712.jpg&#8220; title_text=&#8220;IMG_20210123_110712&#8243; _builder_version=&#8220;4.21.0&#8243; _module_preset=&#8220;default&#8220; custom_margin=&#8220;||101px|||&#8220; global_colors_info=&#8220;{}&#8220;][\/et_pb_image][\/et_pb_column][\/et_pb_row][et_pb_row _builder_version=&#8220;4.21.0&#8243; _module_preset=&#8220;default&#8220; column_structure=&#8220;1_5,1_5,1_5,1_5,1_5&#8243;][et_pb_column _builder_version=&#8220;4.21.0&#8243; _module_preset=&#8220;default&#8220; type=&#8220;1_5&#8243;][et_pb_image _builder_version=&#8220;4.21.0&#8243; _module_preset=&#8220;default&#8220; hover_enabled=&#8220;0&#8243; sticky_enabled=&#8220;0&#8243;][\/et_pb_image][et_pb_image src=&#8220;http:\/\/lamaland-wm.de\/wp-content\/uploads\/2023\/12\/20231230_125653-scaled.jpg&#8220; _builder_version=&#8220;4.21.0&#8243; _module_preset=&#8220;default&#8220; title_text=&#8220;20231230_125653&#8243; hover_enabled=&#8220;0&#8243; sticky_enabled=&#8220;0&#8243;][\/et_pb_image][\/et_pb_column][et_pb_column _builder_version=&#8220;4.21.0&#8243; _module_preset=&#8220;default&#8220; type=&#8220;1_5&#8243;][et_pb_image src=&#8220;http:\/\/lamaland-wm.de\/wp-content\/uploads\/2023\/12\/20231230_125704-scaled.jpg&#8220; _builder_version=&#8220;4.21.0&#8243; _module_preset=&#8220;default&#8220; title_text=&#8220;20231230_125704&#8243; hover_enabled=&#8220;0&#8243; sticky_enabled=&#8220;0&#8243;][\/et_pb_image][\/et_pb_column][et_pb_column _builder_version=&#8220;4.21.0&#8243; _module_preset=&#8220;default&#8220; type=&#8220;1_5&#8243;][et_pb_image src=&#8220;http:\/\/lamaland-wm.de\/wp-content\/uploads\/2023\/12\/20231230_125713-scaled.jpg&#8220; _builder_version=&#8220;4.21.0&#8243; _module_preset=&#8220;default&#8220; title_text=&#8220;20231230_125713&#8243;][\/et_pb_image][\/et_pb_column][et_pb_column _builder_version=&#8220;4.21.0&#8243; _module_preset=&#8220;default&#8220; type=&#8220;1_5&#8243;][et_pb_image src=&#8220;http:\/\/lamaland-wm.de\/wp-content\/uploads\/2023\/12\/20231230_125734-scaled.jpg&#8220; _builder_version=&#8220;4.21.0&#8243; _module_preset=&#8220;default&#8220; title_text=&#8220;20231230_125734&#8243; hover_enabled=&#8220;0&#8243; sticky_enabled=&#8220;0&#8243;][\/et_pb_image][\/et_pb_column][et_pb_column _builder_version=&#8220;4.21.0&#8243; _module_preset=&#8220;default&#8220; type=&#8220;1_5&#8243;][et_pb_image src=&#8220;http:\/\/lamaland-wm.de\/wp-content\/uploads\/2023\/12\/20231230_125742-scaled.jpg&#8220; _builder_version=&#8220;4.21.0&#8243; _module_preset=&#8220;default&#8220; title_text=&#8220;20231230_125742&#8243;][\/et_pb_image][\/et_pb_column][\/et_pb_row][\/et_pb_section]<\/p>\n","protected":false},"excerpt":{"rendered":"<p>Textilien Trotz oder vielleicht besonders wegen des gro\u00dfen Umzugs nach Deutschland f\u00fchlen wir uns unserer Inkakultur und der lateinamerikanischen Mentalit\u00e4t sehr verbunden. Unsere Agentur managen wir weiterhin von Deutschland aus und stehen dadurch nach wie vor im Gro\u00dfen Austausch mit unseren Kooperationspartnern. In Chinchero, einem kleinen Andendorf auf 3.500 H\u00f6henmeter, direkt zwischen Cusco und Machu [&hellip;]<\/p>\n","protected":false},"author":1,"featured_media":0,"parent":0,"menu_order":0,"comment_status":"closed","ping_status":"closed","template":"","meta":{"_et_pb_use_builder":"on","_et_pb_old_content":"","_et_gb_content_width":""},"yoast_head":"<!-- This site is optimized with the Yoast SEO plugin v20.9 - https:\/\/yoast.com\/wordpress\/plugins\/seo\/ -->\n<title>Textilien - Lamaland-wm<\/title>\n<meta name=\"description\" content=\"Hochwertige Textilien von Lamas. Nachhaltig, fair produziert und einzigartig\" \/>\n<meta name=\"robots\" content=\"index, follow, max-snippet:-1, max-image-preview:large, max-video-preview:-1\" \/>\n<link rel=\"canonical\" href=\"https:\/\/lamaland-wm.de\/?page_id=108\" \/>\n<meta property=\"og:locale\" content=\"de_DE\" \/>\n<meta property=\"og:type\" content=\"article\" \/>\n<meta property=\"og:title\" content=\"Textilien - Lamaland-wm\" \/>\n<meta property=\"og:description\" content=\"Hochwertige Textilien von Lamas. Nachhaltig, fair produziert und einzigartig\" \/>\n<meta property=\"og:url\" content=\"https:\/\/lamaland-wm.de\/?page_id=108\" \/>\n<meta property=\"og:site_name\" content=\"Lamaland-wm\" \/>\n<meta property=\"article:modified_time\" content=\"2023-12-30T13:23:17+00:00\" \/>\n<meta name=\"twitter:card\" content=\"summary_large_image\" \/>\n<script type=\"application\/ld+json\" class=\"yoast-schema-graph\">{\"@context\":\"https:\/\/schema.org\",\"@graph\":[{\"@type\":\"WebPage\",\"@id\":\"https:\/\/lamaland-wm.de\/?page_id=108\",\"url\":\"https:\/\/lamaland-wm.de\/?page_id=108\",\"name\":\"Textilien - Lamaland-wm\",\"isPartOf\":{\"@id\":\"https:\/\/lamaland-wm.de\/#website\"},\"datePublished\":\"2023-05-29T20:51:36+00:00\",\"dateModified\":\"2023-12-30T13:23:17+00:00\",\"description\":\"Hochwertige Textilien von Lamas. Nachhaltig, fair produziert und einzigartig\",\"breadcrumb\":{\"@id\":\"https:\/\/lamaland-wm.de\/?page_id=108#breadcrumb\"},\"inLanguage\":\"de-DE\",\"potentialAction\":[{\"@type\":\"ReadAction\",\"target\":[\"https:\/\/lamaland-wm.de\/?page_id=108\"]}]},{\"@type\":\"BreadcrumbList\",\"@id\":\"https:\/\/lamaland-wm.de\/?page_id=108#breadcrumb\",\"itemListElement\":[{\"@type\":\"ListItem\",\"position\":1,\"name\":\"Startseite\",\"item\":\"https:\/\/lamaland-wm.de\/\"},{\"@type\":\"ListItem\",\"position\":2,\"name\":\"Textilien\"}]},{\"@type\":\"WebSite\",\"@id\":\"https:\/\/lamaland-wm.de\/#website\",\"url\":\"https:\/\/lamaland-wm.de\/\",\"name\":\"Lamaland-wm\",\"description\":\"Alles rund um Lamas \",\"publisher\":{\"@id\":\"https:\/\/lamaland-wm.de\/#organization\"},\"potentialAction\":[{\"@type\":\"SearchAction\",\"target\":{\"@type\":\"EntryPoint\",\"urlTemplate\":\"https:\/\/lamaland-wm.de\/?s={search_term_string}\"},\"query-input\":\"required name=search_term_string\"}],\"inLanguage\":\"de-DE\"},{\"@type\":\"Organization\",\"@id\":\"https:\/\/lamaland-wm.de\/#organization\",\"name\":\"Lamaland-wm\",\"url\":\"https:\/\/lamaland-wm.de\/\",\"logo\":{\"@type\":\"ImageObject\",\"inLanguage\":\"de-DE\",\"@id\":\"https:\/\/lamaland-wm.de\/#\/schema\/logo\/image\/\",\"url\":null,\"contentUrl\":null,\"width\":1024,\"height\":791,\"caption\":\"Lamaland-wm\"},\"image\":{\"@id\":\"https:\/\/lamaland-wm.de\/#\/schema\/logo\/image\/\"}}]}<\/script>\n<!-- \/ Yoast SEO plugin. -->","yoast_head_json":{"title":"Textilien - Lamaland-wm","description":"Hochwertige Textilien von Lamas. Nachhaltig, fair produziert und einzigartig","robots":{"index":"index","follow":"follow","max-snippet":"max-snippet:-1","max-image-preview":"max-image-preview:large","max-video-preview":"max-video-preview:-1"},"canonical":"https:\/\/lamaland-wm.de\/?page_id=108","og_locale":"de_DE","og_type":"article","og_title":"Textilien - Lamaland-wm","og_description":"Hochwertige Textilien von Lamas. Nachhaltig, fair produziert und einzigartig","og_url":"https:\/\/lamaland-wm.de\/?page_id=108","og_site_name":"Lamaland-wm","article_modified_time":"2023-12-30T13:23:17+00:00","twitter_card":"summary_large_image","schema":{"@context":"https:\/\/schema.org","@graph":[{"@type":"WebPage","@id":"https:\/\/lamaland-wm.de\/?page_id=108","url":"https:\/\/lamaland-wm.de\/?page_id=108","name":"Textilien - Lamaland-wm","isPartOf":{"@id":"https:\/\/lamaland-wm.de\/#website"},"datePublished":"2023-05-29T20:51:36+00:00","dateModified":"2023-12-30T13:23:17+00:00","description":"Hochwertige Textilien von Lamas. Nachhaltig, fair produziert und einzigartig","breadcrumb":{"@id":"https:\/\/lamaland-wm.de\/?page_id=108#breadcrumb"},"inLanguage":"de-DE","potentialAction":[{"@type":"ReadAction","target":["https:\/\/lamaland-wm.de\/?page_id=108"]}]},{"@type":"BreadcrumbList","@id":"https:\/\/lamaland-wm.de\/?page_id=108#breadcrumb","itemListElement":[{"@type":"ListItem","position":1,"name":"Startseite","item":"https:\/\/lamaland-wm.de\/"},{"@type":"ListItem","position":2,"name":"Textilien"}]},{"@type":"WebSite","@id":"https:\/\/lamaland-wm.de\/#website","url":"https:\/\/lamaland-wm.de\/","name":"Lamaland-wm","description":"Alles rund um Lamas ","publisher":{"@id":"https:\/\/lamaland-wm.de\/#organization"},"potentialAction":[{"@type":"SearchAction","target":{"@type":"EntryPoint","urlTemplate":"https:\/\/lamaland-wm.de\/?s={search_term_string}"},"query-input":"required name=search_term_string"}],"inLanguage":"de-DE"},{"@type":"Organization","@id":"https:\/\/lamaland-wm.de\/#organization","name":"Lamaland-wm","url":"https:\/\/lamaland-wm.de\/","logo":{"@type":"ImageObject","inLanguage":"de-DE","@id":"https:\/\/lamaland-wm.de\/#\/schema\/logo\/image\/","url":null,"contentUrl":null,"width":1024,"height":791,"caption":"Lamaland-wm"},"image":{"@id":"https:\/\/lamaland-wm.de\/#\/schema\/logo\/image\/"}}]}},"_links":{"self":[{"href":"https:\/\/lamaland-wm.de\/index.php?rest_route=\/wp\/v2\/pages\/108"}],"collection":[{"href":"https:\/\/lamaland-wm.de\/index.php?rest_route=\/wp\/v2\/pages"}],"about":[{"href":"https:\/\/lamaland-wm.de\/index.php?rest_route=\/wp\/v2\/types\/page"}],"author":[{"embeddable":true,"href":"https:\/\/lamaland-wm.de\/index.php?rest_route=\/wp\/v2\/users\/1"}],"replies":[{"embeddable":true,"href":"https:\/\/lamaland-wm.de\/index.php?rest_route=%2Fwp%2Fv2%2Fcomments&post=108"}],"version-history":[{"count":6,"href":"https:\/\/lamaland-wm.de\/index.php?rest_route=\/wp\/v2\/pages\/108\/revisions"}],"predecessor-version":[{"id":297,"href":"https:\/\/lamaland-wm.de\/index.php?rest_route=\/wp\/v2\/pages\/108\/revisions\/297"}],"wp:attachment":[{"href":"https:\/\/lamaland-wm.de\/index.php?rest_route=%2Fwp%2Fv2%2Fmedia&parent=108"}],"curies":[{"name":"wp","href":"https:\/\/api.w.org\/{rel}","templated":true}]}}