{"id":120,"date":"2023-05-29T20:58:15","date_gmt":"2023-05-29T20:58:15","guid":{"rendered":"http:\/\/lamaland-wm.de\/?page_id=120"},"modified":"2023-06-10T20:07:09","modified_gmt":"2023-06-10T20:07:09","slug":"wichtiges","status":"publish","type":"page","link":"https:\/\/lamaland-wm.de\/?page_id=120","title":{"rendered":"Wichtiges"},"content":{"rendered":"<p>[et_pb_section fb_built=&#8220;1&#8243; admin_label=&#8220;Header&#8220; _builder_version=&#8220;4.20.0&#8243; _module_preset=&#8220;default&#8220; background_color=&#8220;#F9F6F1&#8243; use_background_color_gradient=&#8220;on&#8220; background_color_gradient_direction=&#8220;90deg&#8220; background_color_gradient_stops=&#8220;rgba(255,255,255,0) 37%|#ffffff 37%&#8220; background_color_gradient_overlays_image=&#8220;on&#8220; background_enable_image=&#8220;off&#8220; background_last_edited=&#8220;on|desktop&#8220; background_color_gradient_direction_tablet=&#8220;-180deg&#8220; locked=&#8220;off&#8220; collapsed=&#8220;on&#8220; global_colors_info=&#8220;{}&#8220;][et_pb_row column_structure=&#8220;1_3,2_3&#8243; _builder_version=&#8220;4.20.0&#8243; _module_preset=&#8220;default&#8220; global_colors_info=&#8220;{}&#8220;][et_pb_column type=&#8220;1_3&#8243; _builder_version=&#8220;4.20.0&#8243; _module_preset=&#8220;default&#8220; global_colors_info=&#8220;{}&#8220;][et_pb_image src=&#8220;http:\/\/lamaland-wm.de\/wp-content\/uploads\/2023\/06\/DSC00607-scaled.jpg&#8220; title_text=&#8220;DSC00607&#8243; _builder_version=&#8220;4.21.0&#8243; _module_preset=&#8220;default&#8220; max_height_tablet=&#8220;300px&#8220; max_height_phone=&#8220;300px&#8220; max_height_last_edited=&#8220;on|tablet&#8220; global_colors_info=&#8220;{}&#8220;][\/et_pb_image][\/et_pb_column][et_pb_column type=&#8220;2_3&#8243; _builder_version=&#8220;4.20.0&#8243; _module_preset=&#8220;default&#8220; global_colors_info=&#8220;{}&#8220;][et_pb_text _builder_version=&#8220;4.21.0&#8243; _module_preset=&#8220;f238f2b5-9fcd-4957-ab2f-f7a24192ff1d&#8220; global_colors_info=&#8220;{}&#8220;]<\/p>\n<h1><b>Wichtiges <\/b><\/h1>\n<p>[\/et_pb_text][et_pb_button button_url=&#8220;http:\/\/lamaland-wm.de\/?page_id=139&#8243; button_text=&#8220;Anfrage stellen&#8220; _builder_version=&#8220;4.21.0&#8243; _module_preset=&#8220;b6b4690f-4609-47f4-ac6c-af1b9432791c&#8220; global_colors_info=&#8220;{}&#8220;][\/et_pb_button][et_pb_text _builder_version=&#8220;4.21.0&#8243; _module_preset=&#8220;eecdcf83-e63c-4bce-8807-670bbad3e4d8&#8243; custom_margin=&#8220;||-11px|||&#8220; locked=&#8220;off&#8220; global_colors_info=&#8220;{}&#8220;]<\/p>\n<p><span style=\"font-weight: 400;\">Bitte kommt nicht ohne Voranmeldung. Wir nehmen uns gern Zeit f\u00fcr euch und planen euren Besuch damit ihr nicht entt\u00e4uscht werdet und wir und die Tiere uns organisieren k\u00f6nnen. Buchungen am besten Telefonisch 0160\/98291938 oder per Mail <\/span><span style=\"font-weight: 400;\">lamaland.wm@gmail.com<\/span><\/p>\n<p><span style=\"font-weight: 400;\">Jede Wanderung wird nat\u00fcrlich von uns begleitet und wir geben euch zu Beginn eine Einf\u00fchrung damit beim Lamaf\u00fchren nichts schief geht.\u00a0<\/span><\/p>\n<p><span style=\"font-weight: 400;\">Ihr (Gro\u00df)Eltern, Tanten, Onkel, seid unterwegs f\u00fcr eure Kinder verantwortlich und haftet f\u00fcr sie. Unser privater Gartenspielplatz steht direkt an der Weide, wir \u00fcbernehmen keine Haftung wenn dieser von euren Kindern benutzt wird.\u00a0<\/span><\/p>\n<p><span style=\"font-weight: 400;\">Wir setzen voraus, dass euch bewusst ist, dass ihr mit den Lamas in der Natur unterwegs seid. Das hei\u00dft, ihr braucht festes Schuhwerk (keine FlipFlops, Sandalen, St\u00f6ckelschuhe) geeignete Kleidung, die durchaus dreckig werden darf und je nach Wetterlage Sonnenschutz, Insektenspray, Regenponcho usw.\u00a0<\/span><\/p>\n<p><span style=\"font-weight: 400;\">Unsere Lamawanderungen gehen in die W\u00e4lder und \u00fcber Felder. Auf diesen Wegen sind Rollst\u00fchle und Kinderw\u00e4gen leider schwer h\u00e4ndelbar. Informiert uns vorab und wir kl\u00e4ren mit euch ein Alternativprogramm. Haustiere jeglicher Art bleiben bitte fern, unsere Lamas brauchen eure 100%ige Aufmerksamkeit und Konzentration.\u00a0<\/span><\/p>\n<p><span style=\"font-weight: 400;\">Da wir den Einsatz unserer Tiere sorgf\u00e4ltig planen, m\u00fcssen wir Ihnen bei Absagen 48 bis 24 Stunden vorher 50% Stornokosten in Rechnung stellen, danach 100%. Von unserer Seite erfolgen Absagen wetterbedingt aus Sicherheits- und Tierschutzgr\u00fcnden bei Starkregen, extremer Hitze oder Sturm.<\/span><\/p>\n<p><span style=\"font-weight: 400;\">Wir best\u00e4tigen euch eure Anfrage schriftlich, sofern ihr keine Best\u00e4tigung bekommt, meldet euch bitte. Erst bei Zahlungseingang in Vorkasse ist das Lama Erlebnis gebucht.\u00a0<\/span><\/p>\n<p><span style=\"font-weight: 400;\">Unsere Tiere werden selbstverst\u00e4ndlich regelm\u00e4\u00dfig geimpft, entwurmt und tiermedizinisch betreut. Unser LamaLand verf\u00fcgt \u00fcber den Sachkundenachweis nach \u00a711 Tierschutzgesetz und wir bilden uns in Sachen Tierhaltung und \u2013 training regelm\u00e4\u00dfig fort. Meine Weiterbildung zur Lamatherapeutin habe ich an der ISAAT-zertifizierten Akademie f\u00fcr tiergest\u00fctzte Therapie \u2013 Orenda-Ranch absolviert. Damit werden die h\u00f6chsten Standards erf\u00fcllt.<\/span><\/p>\n<p>&nbsp;<\/p>\n<p>[\/et_pb_text][et_pb_image src=&#8220;http:\/\/lamaland-wm.de\/wp-content\/uploads\/2023\/06\/IMG_20220929_112333-scaled.jpg&#8220; title_text=&#8220;smart&#8220; _builder_version=&#8220;4.21.0&#8243; _module_preset=&#8220;default&#8220; width=&#8220;69%&#8220; global_colors_info=&#8220;{}&#8220;][\/et_pb_image][\/et_pb_column][\/et_pb_row][\/et_pb_section]<\/p>\n","protected":false},"excerpt":{"rendered":"<p>Wichtiges Bitte kommt nicht ohne Voranmeldung. Wir nehmen uns gern Zeit f\u00fcr euch und planen euren Besuch damit ihr nicht entt\u00e4uscht werdet und wir und die Tiere uns organisieren k\u00f6nnen. Buchungen am besten Telefonisch 0160\/98291938 oder per Mail lamaland.wm@gmail.com Jede Wanderung wird nat\u00fcrlich von uns begleitet und wir geben euch zu Beginn eine Einf\u00fchrung damit [&hellip;]<\/p>\n","protected":false},"author":1,"featured_media":0,"parent":0,"menu_order":0,"comment_status":"closed","ping_status":"closed","template":"","meta":{"_et_pb_use_builder":"on","_et_pb_old_content":"","_et_gb_content_width":""},"yoast_head":"<!-- This site is optimized with the Yoast SEO plugin v20.9 - https:\/\/yoast.com\/wordpress\/plugins\/seo\/ -->\n<title>Wichtiges - Lamaland-wm<\/title>\n<meta name=\"robots\" content=\"index, follow, max-snippet:-1, max-image-preview:large, max-video-preview:-1\" \/>\n<link rel=\"canonical\" href=\"https:\/\/lamaland-wm.de\/?page_id=120\" \/>\n<meta property=\"og:locale\" content=\"de_DE\" \/>\n<meta property=\"og:type\" content=\"article\" \/>\n<meta property=\"og:title\" content=\"Wichtiges - Lamaland-wm\" \/>\n<meta property=\"og:description\" content=\"Wichtiges Bitte kommt nicht ohne Voranmeldung. Wir nehmen uns gern Zeit f\u00fcr euch und planen euren Besuch damit ihr nicht entt\u00e4uscht werdet und wir und die Tiere uns organisieren k\u00f6nnen. Buchungen am besten Telefonisch 0160\/98291938 oder per Mail lamaland.wm@gmail.com Jede Wanderung wird nat\u00fcrlich von uns begleitet und wir geben euch zu Beginn eine Einf\u00fchrung damit [&hellip;]\" \/>\n<meta property=\"og:url\" content=\"https:\/\/lamaland-wm.de\/?page_id=120\" \/>\n<meta property=\"og:site_name\" content=\"Lamaland-wm\" \/>\n<meta property=\"article:modified_time\" content=\"2023-06-10T20:07:09+00:00\" \/>\n<meta name=\"twitter:card\" content=\"summary_large_image\" \/>\n<script type=\"application\/ld+json\" class=\"yoast-schema-graph\">{\"@context\":\"https:\/\/schema.org\",\"@graph\":[{\"@type\":\"WebPage\",\"@id\":\"https:\/\/lamaland-wm.de\/?page_id=120\",\"url\":\"https:\/\/lamaland-wm.de\/?page_id=120\",\"name\":\"Wichtiges - Lamaland-wm\",\"isPartOf\":{\"@id\":\"https:\/\/lamaland-wm.de\/#website\"},\"datePublished\":\"2023-05-29T20:58:15+00:00\",\"dateModified\":\"2023-06-10T20:07:09+00:00\",\"breadcrumb\":{\"@id\":\"https:\/\/lamaland-wm.de\/?page_id=120#breadcrumb\"},\"inLanguage\":\"de-DE\",\"potentialAction\":[{\"@type\":\"ReadAction\",\"target\":[\"https:\/\/lamaland-wm.de\/?page_id=120\"]}]},{\"@type\":\"BreadcrumbList\",\"@id\":\"https:\/\/lamaland-wm.de\/?page_id=120#breadcrumb\",\"itemListElement\":[{\"@type\":\"ListItem\",\"position\":1,\"name\":\"Startseite\",\"item\":\"https:\/\/lamaland-wm.de\/\"},{\"@type\":\"ListItem\",\"position\":2,\"name\":\"Wichtiges\"}]},{\"@type\":\"WebSite\",\"@id\":\"https:\/\/lamaland-wm.de\/#website\",\"url\":\"https:\/\/lamaland-wm.de\/\",\"name\":\"Lamaland-wm\",\"description\":\"Alles rund um Lamas \",\"publisher\":{\"@id\":\"https:\/\/lamaland-wm.de\/#organization\"},\"potentialAction\":[{\"@type\":\"SearchAction\",\"target\":{\"@type\":\"EntryPoint\",\"urlTemplate\":\"https:\/\/lamaland-wm.de\/?s={search_term_string}\"},\"query-input\":\"required name=search_term_string\"}],\"inLanguage\":\"de-DE\"},{\"@type\":\"Organization\",\"@id\":\"https:\/\/lamaland-wm.de\/#organization\",\"name\":\"Lamaland-wm\",\"url\":\"https:\/\/lamaland-wm.de\/\",\"logo\":{\"@type\":\"ImageObject\",\"inLanguage\":\"de-DE\",\"@id\":\"https:\/\/lamaland-wm.de\/#\/schema\/logo\/image\/\",\"url\":null,\"contentUrl\":null,\"width\":1024,\"height\":791,\"caption\":\"Lamaland-wm\"},\"image\":{\"@id\":\"https:\/\/lamaland-wm.de\/#\/schema\/logo\/image\/\"}}]}<\/script>\n<!-- \/ Yoast SEO plugin. -->","yoast_head_json":{"title":"Wichtiges - Lamaland-wm","robots":{"index":"index","follow":"follow","max-snippet":"max-snippet:-1","max-image-preview":"max-image-preview:large","max-video-preview":"max-video-preview:-1"},"canonical":"https:\/\/lamaland-wm.de\/?page_id=120","og_locale":"de_DE","og_type":"article","og_title":"Wichtiges - Lamaland-wm","og_description":"Wichtiges Bitte kommt nicht ohne Voranmeldung. Wir nehmen uns gern Zeit f\u00fcr euch und planen euren Besuch damit ihr nicht entt\u00e4uscht werdet und wir und die Tiere uns organisieren k\u00f6nnen. Buchungen am besten Telefonisch 0160\/98291938 oder per Mail lamaland.wm@gmail.com Jede Wanderung wird nat\u00fcrlich von uns begleitet und wir geben euch zu Beginn eine Einf\u00fchrung damit [&hellip;]","og_url":"https:\/\/lamaland-wm.de\/?page_id=120","og_site_name":"Lamaland-wm","article_modified_time":"2023-06-10T20:07:09+00:00","twitter_card":"summary_large_image","schema":{"@context":"https:\/\/schema.org","@graph":[{"@type":"WebPage","@id":"https:\/\/lamaland-wm.de\/?page_id=120","url":"https:\/\/lamaland-wm.de\/?page_id=120","name":"Wichtiges - Lamaland-wm","isPartOf":{"@id":"https:\/\/lamaland-wm.de\/#website"},"datePublished":"2023-05-29T20:58:15+00:00","dateModified":"2023-06-10T20:07:09+00:00","breadcrumb":{"@id":"https:\/\/lamaland-wm.de\/?page_id=120#breadcrumb"},"inLanguage":"de-DE","potentialAction":[{"@type":"ReadAction","target":["https:\/\/lamaland-wm.de\/?page_id=120"]}]},{"@type":"BreadcrumbList","@id":"https:\/\/lamaland-wm.de\/?page_id=120#breadcrumb","itemListElement":[{"@type":"ListItem","position":1,"name":"Startseite","item":"https:\/\/lamaland-wm.de\/"},{"@type":"ListItem","position":2,"name":"Wichtiges"}]},{"@type":"WebSite","@id":"https:\/\/lamaland-wm.de\/#website","url":"https:\/\/lamaland-wm.de\/","name":"Lamaland-wm","description":"Alles rund um Lamas ","publisher":{"@id":"https:\/\/lamaland-wm.de\/#organization"},"potentialAction":[{"@type":"SearchAction","target":{"@type":"EntryPoint","urlTemplate":"https:\/\/lamaland-wm.de\/?s={search_term_string}"},"query-input":"required name=search_term_string"}],"inLanguage":"de-DE"},{"@type":"Organization","@id":"https:\/\/lamaland-wm.de\/#organization","name":"Lamaland-wm","url":"https:\/\/lamaland-wm.de\/","logo":{"@type":"ImageObject","inLanguage":"de-DE","@id":"https:\/\/lamaland-wm.de\/#\/schema\/logo\/image\/","url":null,"contentUrl":null,"width":1024,"height":791,"caption":"Lamaland-wm"},"image":{"@id":"https:\/\/lamaland-wm.de\/#\/schema\/logo\/image\/"}}]}},"_links":{"self":[{"href":"https:\/\/lamaland-wm.de\/index.php?rest_route=\/wp\/v2\/pages\/120"}],"collection":[{"href":"https:\/\/lamaland-wm.de\/index.php?rest_route=\/wp\/v2\/pages"}],"about":[{"href":"https:\/\/lamaland-wm.de\/index.php?rest_route=\/wp\/v2\/types\/page"}],"author":[{"embeddable":true,"href":"https:\/\/lamaland-wm.de\/index.php?rest_route=\/wp\/v2\/users\/1"}],"replies":[{"embeddable":true,"href":"https:\/\/lamaland-wm.de\/index.php?rest_route=%2Fwp%2Fv2%2Fcomments&post=120"}],"version-history":[{"count":6,"href":"https:\/\/lamaland-wm.de\/index.php?rest_route=\/wp\/v2\/pages\/120\/revisions"}],"predecessor-version":[{"id":219,"href":"https:\/\/lamaland-wm.de\/index.php?rest_route=\/wp\/v2\/pages\/120\/revisions\/219"}],"wp:attachment":[{"href":"https:\/\/lamaland-wm.de\/index.php?rest_route=%2Fwp%2Fv2%2Fmedia&parent=120"}],"curies":[{"name":"wp","href":"https:\/\/api.w.org\/{rel}","templated":true}]}}