{"id":19,"date":"2023-05-16T19:28:53","date_gmt":"2023-05-16T19:28:53","guid":{"rendered":"http:\/\/lamaland-wm.de\/?page_id=19"},"modified":"2023-11-02T12:50:32","modified_gmt":"2023-11-02T12:50:32","slug":"home","status":"publish","type":"page","link":"https:\/\/lamaland-wm.de\/","title":{"rendered":"Home"},"content":{"rendered":"<p>[et_pb_section fb_built=&#8220;1&#8243; admin_label=&#8220;Subscribe&#8220; _builder_version=&#8220;4.21.0&#8243; _module_preset=&#8220;default&#8220; use_background_color_gradient=&#8220;on&#8220; background_color_gradient_direction=&#8220;107deg&#8220; background_color_gradient_stops=&#8220;rgba(249,246,241,0.7) 0%|rgba(249,246,241,0.7) 100%&#8220; background_color_gradient_overlays_image=&#8220;on&#8220; background_image=&#8220;http:\/\/lamaland-wm.de\/wp-content\/uploads\/2023\/05\/wanderung-scaled.jpg&#8220; custom_margin=&#8220;||4px|||&#8220; custom_padding=&#8220;56px|||||&#8220; saved_tabs=&#8220;all&#8220; collapsed=&#8220;on&#8220; global_colors_info=&#8220;{}&#8220;][et_pb_row _builder_version=&#8220;4.21.0&#8243; _module_preset=&#8220;default&#8220; max_width=&#8220;700px&#8220; custom_padding=&#8220;0px|||||&#8220; global_colors_info=&#8220;{}&#8220;][et_pb_column type=&#8220;4_4&#8243; _builder_version=&#8220;4.20.0&#8243; _module_preset=&#8220;default&#8220; global_colors_info=&#8220;{}&#8220;][et_pb_text _builder_version=&#8220;4.21.0&#8243; _module_preset=&#8220;56446650-bf06-4c85-9e0e-7c1cc5dbb238&#8243; global_colors_info=&#8220;{}&#8220;]<\/p>\n<h1 style=\"text-align: center;\"><strong>Lamaland Willka Maki<\/strong><\/h1>\n<p>[\/et_pb_text][et_pb_text _builder_version=&#8220;4.21.0&#8243; _module_preset=&#8220;685e934f-b288-4f98-bcd1-f89205434036&#8243; custom_margin=&#8220;||47px|||&#8220; global_colors_info=&#8220;{}&#8220;]<\/p>\n<h4 style=\"text-align: center;\">Unvergessliche Erlebnisse mit fantastischen Tieren. Tauche ein in unsere Welt die Dich durch Lamatherapie, \u00fcber Lamaerlebniswanderungen bis hin zu au\u00dfergew\u00f6hnlichen Textilien f\u00fchrt. <\/h4>\n<p>[\/et_pb_text][et_pb_text _builder_version=&#8220;4.21.0&#8243; _module_preset=&#8220;9357d5e7-d4a8-4abe-920e-e16e651ed0d3&#8243; text_orientation=&#8220;center&#8220; global_colors_info=&#8220;{}&#8220;]<\/p>\n<h4>Einzigartig, Pers\u00f6nlich und Unvergesslich<\/h4>\n<p>[\/et_pb_text][et_pb_button button_url=&#8220;http:\/\/lamaland-wm.de\/?page_id=139&#8243; button_text=&#8220;Anfrage stellen&#8220; button_alignment=&#8220;center&#8220; _builder_version=&#8220;4.21.0&#8243; _module_preset=&#8220;73236c62-3584-461b-a1d8-623deab7b6a2&#8243; custom_margin=&#8220;59px|||||&#8220; animation_style=&#8220;fade&#8220; global_colors_info=&#8220;{}&#8220;][\/et_pb_button][\/et_pb_column][\/et_pb_row][\/et_pb_section][et_pb_section fb_built=&#8220;1&#8243; _builder_version=&#8220;4.21.0&#8243; _module_preset=&#8220;default&#8220; custom_padding=&#8220;2px||98px|||&#8220; global_colors_info=&#8220;{}&#8220;][et_pb_row column_structure=&#8220;1_2,1_2&#8243; _builder_version=&#8220;4.21.0&#8243; _module_preset=&#8220;default&#8220; custom_margin=&#8220;|auto|-106px|auto||&#8220; global_colors_info=&#8220;{}&#8220;][et_pb_column type=&#8220;1_2&#8243; _builder_version=&#8220;4.21.0&#8243; _module_preset=&#8220;default&#8220; global_colors_info=&#8220;{}&#8220;][et_pb_text _builder_version=&#8220;4.21.0&#8243; _module_preset=&#8220;0a8b561c-c1a6-40ce-be07-ed244c1b41a3&#8243; global_colors_info=&#8220;{}&#8220;]<\/p>\n<h1 style=\"text-align: center;\"><strong>Franzi<\/strong><\/h1>\n<p>[\/et_pb_text][et_pb_image src=&#8220;http:\/\/lamaland-wm.de\/wp-content\/uploads\/2023\/05\/Franzi.jpg&#8220; title_text=&#8220;Franzi&#8220; align=&#8220;center&#8220; _builder_version=&#8220;4.21.0&#8243; _module_preset=&#8220;default&#8220; width=&#8220;63%&#8220; border_radii=&#8220;on|10px|10px|10px|10px&#8220; global_colors_info=&#8220;{}&#8220;][\/et_pb_image][et_pb_text _builder_version=&#8220;4.21.0&#8243; _module_preset=&#8220;685e934f-b288-4f98-bcd1-f89205434036&#8243; custom_margin=&#8220;||5px|||&#8220; global_colors_info=&#8220;{}&#8220;]<\/p>\n<p style=\"text-align: center;\"><span style=\"font-weight: 400;\">Gr\u00fc\u00dft euch, ich bin Franzi. Geb\u00fcrtig komme ich aus Weiden habe in Bamberg und Passau studiert und mehrere Jahre im Heiligen Tal der Inkas in den Hochanden Perus gelebt. W\u00e4hrend des Masterstudiums habe ich bereits in der station\u00e4ren Jugendhilfe gearbeitet und war in Peru wie auch in Weiden in der ambulanten Kinder- und Familienhilfe t\u00e4tig. 2022 habe ich meine\u00a0 ISAAT zertifizierte Alpaka- und Lamatherapeutin Ausbildung erfolgreich abgeschlossen und mache aktuell die Kinder und Jugendlichenpsychotherapie Ausbildung. Meine Schwerpunkt bei LamaLand liegt auf der Lamatherapie. <\/span><\/p>\n<p>[\/et_pb_text][\/et_pb_column][et_pb_column type=&#8220;1_2&#8243; _builder_version=&#8220;4.21.0&#8243; _module_preset=&#8220;default&#8220; global_colors_info=&#8220;{}&#8220;][et_pb_text _builder_version=&#8220;4.21.0&#8243; _module_preset=&#8220;0a8b561c-c1a6-40ce-be07-ed244c1b41a3&#8243; global_colors_info=&#8220;{}&#8220;]<\/p>\n<h1 style=\"text-align: center;\"><b>Giovanni <\/b><\/h1>\n<p>[\/et_pb_text][et_pb_image src=&#8220;http:\/\/lamaland-wm.de\/wp-content\/uploads\/2023\/05\/Giovanni-scaled.jpg&#8220; title_text=&#8220;Giovanni&#8220; align=&#8220;center&#8220; _builder_version=&#8220;4.21.0&#8243; _module_preset=&#8220;default&#8220; width=&#8220;100%&#8220; custom_margin=&#8220;||0px||false|false&#8220; border_radii=&#8220;on|10px|10px|10px|10px&#8220; global_colors_info=&#8220;{}&#8220;][\/et_pb_image][et_pb_text _builder_version=&#8220;4.21.0&#8243; _module_preset=&#8220;685e934f-b288-4f98-bcd1-f89205434036&#8243; custom_margin=&#8220;24px|||||&#8220; global_colors_info=&#8220;{}&#8220;]<\/p>\n<p style=\"text-align: center;\"><span style=\"font-weight: 400;\">Hola y buenos dias ich hei\u00dfe Giovanni. Ich bin in Peru geboren und aufgewachsen und habe mich mit Franzi entschieden nach \u00a0Deutschland umzusiedeln und unser kleines Peru mitzunehmen. Ich arbeite seit 1998 im Tourismus. S\u00fcdamerika und besonders die Hochanden Perus sind ja sehr von der Inkakultur gepr\u00e4gt und bieten einiges atemberaubendes und faszinierendes. 2012 habe ich meine eigene Abenteuer Tourismus Agentur gegr\u00fcndet und zeige den Reisenden meine Heimat zu Pferd, auf der Quad oder auch bei einem Lamatrekking. Jetzt freue ich mich riesig euch in meine Welt mitzunehmen und euch auf einer Wanderung mit den Lamas das Herkunftsland dieser Tiere vorzustellen. In Peru arbeiten wir seit 2015 mit den G\u00e4sten der Luxushotelketten Belmond, Marriott und Venturia und haben auch hier den Anspruch an uns euch eine unvergessliche und einzigartige Zeit mit den Lamas zu erm\u00f6glichen. Wenn ihr ein paar Eindr\u00fccke unserer Arbeit in den Hochanden sehen wollt besucht uns unter <a href=\"http:\/\/www.willkamaki.com\">www.willkamaki.com<\/a> <br \/><\/span><\/p>\n<p>[\/et_pb_text][\/et_pb_column][\/et_pb_row][\/et_pb_section][et_pb_section fb_built=&#8220;1&#8243; admin_label=&#8220;Services&#8220; _builder_version=&#8220;4.20.0&#8243; _module_preset=&#8220;default&#8220; background_color=&#8220;gcid-1c7f682d-c09a-42e9-8b1c-535ba676533f&#8220; custom_padding=&#8220;14px|||||&#8220; locked=&#8220;off&#8220; collapsed=&#8220;on&#8220; global_colors_info=&#8220;{%22gcid-1c7f682d-c09a-42e9-8b1c-535ba676533f%22:%91%22background_color%22%93}&#8220;][et_pb_row _builder_version=&#8220;4.20.0&#8243; _module_preset=&#8220;default&#8220; custom_padding=&#8220;0px|||||&#8220; global_colors_info=&#8220;{}&#8220;][et_pb_column type=&#8220;4_4&#8243; _builder_version=&#8220;4.20.0&#8243; _module_preset=&#8220;default&#8220; global_colors_info=&#8220;{}&#8220;][et_pb_button button_text=&#8220;Erfahre mehr \u00fcber unsere Tiere&#8220; button_alignment=&#8220;center&#8220; _builder_version=&#8220;4.21.0&#8243; _module_preset=&#8220;73236c62-3584-461b-a1d8-623deab7b6a2&#8243; custom_margin=&#8220;30px||||false|false&#8220; hover_enabled=&#8220;0&#8243; global_colors_info=&#8220;{}&#8220; button_url=&#8220;https:\/\/lamaland-wm.de\/?page_id=263&#8243; sticky_enabled=&#8220;0&#8243;][\/et_pb_button][\/et_pb_column][\/et_pb_row][et_pb_row column_structure=&#8220;1_3,1_3,1_3&#8243; _builder_version=&#8220;4.21.0&#8243; _module_preset=&#8220;default&#8220; animation_style=&#8220;slide&#8220; animation_direction=&#8220;left&#8220; global_colors_info=&#8220;{}&#8220;][et_pb_column type=&#8220;1_3&#8243; _builder_version=&#8220;4.21.0&#8243; _module_preset=&#8220;default&#8220; global_colors_info=&#8220;{}&#8220;][et_pb_image src=&#8220;http:\/\/lamaland-wm.de\/wp-content\/uploads\/2023\/05\/wanderung-scaled.jpg&#8220; title_text=&#8220;wanderung&#8220; align=&#8220;center&#8220; _builder_version=&#8220;4.21.0&#8243; _module_preset=&#8220;default&#8220; width=&#8220;38%&#8220; global_colors_info=&#8220;{}&#8220;][\/et_pb_image][et_pb_button button_url=&#8220;http:\/\/lamaland-wm.de\/?page_id=94&#8243; button_text=&#8220;Wanderungen&#8220; button_alignment=&#8220;center&#8220; _builder_version=&#8220;4.21.0&#8243; _module_preset=&#8220;default&#8220; global_colors_info=&#8220;{}&#8220;][\/et_pb_button][\/et_pb_column][et_pb_column type=&#8220;1_3&#8243; _builder_version=&#8220;4.21.0&#8243; _module_preset=&#8220;default&#8220; global_colors_info=&#8220;{}&#8220;][et_pb_image src=&#8220;http:\/\/lamaland-wm.de\/wp-content\/uploads\/2023\/06\/DSC00658-scaled.jpg&#8220; title_text=&#8220;DSC00658&#8243; align=&#8220;center&#8220; _builder_version=&#8220;4.21.0&#8243; _module_preset=&#8220;default&#8220; width=&#8220;38%&#8220; global_colors_info=&#8220;{}&#8220;][\/et_pb_image][et_pb_button button_url=&#8220;http:\/\/lamaland-wm.de\/?page_id=100&#8243; button_text=&#8220;Therapie&#8220; button_alignment=&#8220;center&#8220; _builder_version=&#8220;4.21.0&#8243; _module_preset=&#8220;default&#8220; global_colors_info=&#8220;{}&#8220;][\/et_pb_button][\/et_pb_column][et_pb_column type=&#8220;1_3&#8243; _builder_version=&#8220;4.21.0&#8243; _module_preset=&#8220;default&#8220; global_colors_info=&#8220;{}&#8220;][et_pb_image src=&#8220;http:\/\/lamaland-wm.de\/wp-content\/uploads\/2023\/06\/20230528_100125.jpg&#8220; title_text=&#8220;20230528_100125&#8243; align=&#8220;center&#8220; _builder_version=&#8220;4.21.0&#8243; _module_preset=&#8220;default&#8220; width=&#8220;38%&#8220; global_colors_info=&#8220;{}&#8220;][\/et_pb_image][et_pb_button button_url=&#8220;http:\/\/lamaland-wm.de\/?page_id=104&#8243; button_text=&#8220;Events&#8220; button_alignment=&#8220;center&#8220; _builder_version=&#8220;4.21.0&#8243; _module_preset=&#8220;default&#8220; global_colors_info=&#8220;{}&#8220;][\/et_pb_button][\/et_pb_column][\/et_pb_row][et_pb_row column_structure=&#8220;1_3,1_3,1_3&#8243; _builder_version=&#8220;4.21.0&#8243; _module_preset=&#8220;default&#8220; animation_style=&#8220;slide&#8220; animation_direction=&#8220;right&#8220; global_colors_info=&#8220;{}&#8220;][et_pb_column type=&#8220;1_3&#8243; _builder_version=&#8220;4.21.0&#8243; _module_preset=&#8220;default&#8220; global_colors_info=&#8220;{}&#8220;][et_pb_image src=&#8220;http:\/\/lamaland-wm.de\/wp-content\/uploads\/2023\/06\/20230421_164312.jpg&#8220; title_text=&#8220;20230421_164312&#8243; align=&#8220;center&#8220; _builder_version=&#8220;4.21.0&#8243; _module_preset=&#8220;default&#8220; width=&#8220;38%&#8220; global_colors_info=&#8220;{}&#8220;][\/et_pb_image][et_pb_button button_url=&#8220;http:\/\/lamaland-wm.de\/?page_id=116&#8243; button_text=&#8220;D\u00fcnger&#8220; button_alignment=&#8220;center&#8220; _builder_version=&#8220;4.21.0&#8243; _module_preset=&#8220;default&#8220; global_colors_info=&#8220;{}&#8220;][\/et_pb_button][\/et_pb_column][et_pb_column type=&#8220;1_3&#8243; _builder_version=&#8220;4.21.0&#8243; _module_preset=&#8220;default&#8220; global_colors_info=&#8220;{}&#8220;][et_pb_image src=&#8220;http:\/\/lamaland-wm.de\/wp-content\/uploads\/2023\/05\/produkte-scaled.jpg&#8220; title_text=&#8220;produkte&#8220; align=&#8220;center&#8220; _builder_version=&#8220;4.21.0&#8243; _module_preset=&#8220;default&#8220; width=&#8220;38%&#8220; global_colors_info=&#8220;{}&#8220;][\/et_pb_image][et_pb_button button_url=&#8220;http:\/\/lamaland-wm.de\/?page_id=108&#8243; button_text=&#8220;Textilien &#8220; button_alignment=&#8220;center&#8220; _builder_version=&#8220;4.21.0&#8243; _module_preset=&#8220;default&#8220; global_colors_info=&#8220;{}&#8220;][\/et_pb_button][\/et_pb_column][et_pb_column type=&#8220;1_3&#8243; _builder_version=&#8220;4.21.0&#8243; _module_preset=&#8220;default&#8220; global_colors_info=&#8220;{}&#8220;][et_pb_image src=&#8220;http:\/\/lamaland-wm.de\/wp-content\/uploads\/2023\/06\/DSC00607-scaled.jpg&#8220; title_text=&#8220;DSC00607&#8243; align=&#8220;center&#8220; _builder_version=&#8220;4.21.0&#8243; _module_preset=&#8220;default&#8220; width=&#8220;38%&#8220; global_colors_info=&#8220;{}&#8220;][\/et_pb_image][et_pb_button button_url=&#8220;http:\/\/lamaland-wm.de\/?page_id=120&#8243; button_text=&#8220;Wichtiges&#8220; button_alignment=&#8220;center&#8220; _builder_version=&#8220;4.21.0&#8243; _module_preset=&#8220;default&#8220; global_colors_info=&#8220;{}&#8220;][\/et_pb_button][\/et_pb_column][\/et_pb_row][\/et_pb_section][et_pb_section fb_built=&#8220;1&#8243; admin_label=&#8220;Subscribe&#8220; _builder_version=&#8220;4.21.0&#8243; _module_preset=&#8220;default&#8220; use_background_color_gradient=&#8220;on&#8220; background_color_gradient_direction=&#8220;90deg&#8220; background_color_gradient_stops=&#8220;rgba(249,246,241,0.7) 0%|rgba(249,246,241,0.7) 100%&#8220; background_color_gradient_overlays_image=&#8220;on&#8220; background_image=&#8220;http:\/\/lamaland-wm.de\/wp-content\/uploads\/2023\/05\/Lamaerlebnisse-scaled.jpg&#8220; custom_padding=&#8220;219px||186px|||&#8220; saved_tabs=&#8220;all&#8220; collapsed=&#8220;on&#8220; global_colors_info=&#8220;{}&#8220;][et_pb_row _builder_version=&#8220;4.20.0&#8243; _module_preset=&#8220;default&#8220; max_width=&#8220;700px&#8220; custom_padding=&#8220;0px|||||&#8220; global_colors_info=&#8220;{}&#8220;][et_pb_column type=&#8220;4_4&#8243; _builder_version=&#8220;4.20.0&#8243; _module_preset=&#8220;default&#8220; global_colors_info=&#8220;{}&#8220;][et_pb_text _builder_version=&#8220;4.21.0&#8243; _module_preset=&#8220;0a8b561c-c1a6-40ce-be07-ed244c1b41a3&#8243; text_orientation=&#8220;center&#8220; custom_margin=&#8220;||10px||false|false&#8220; global_colors_info=&#8220;{}&#8220;]<\/p>\n<h1 style=\"text-align: center;\">LamaLand<\/h1>\n<p>[\/et_pb_text][et_pb_text _builder_version=&#8220;4.21.0&#8243; _module_preset=&#8220;9357d5e7-d4a8-4abe-920e-e16e651ed0d3&#8243; text_orientation=&#8220;center&#8220; global_colors_info=&#8220;{}&#8220;]<\/p>\n<h4>Einzigartig, Pers\u00f6nlich und Unvergesslich<\/h4>\n<p>[\/et_pb_text][\/et_pb_column][\/et_pb_row][\/et_pb_section][et_pb_section fb_built=&#8220;1&#8243; admin_label=&#8220;Footer&#8220; _builder_version=&#8220;4.20.0&#8243; _module_preset=&#8220;default&#8220; background_color=&#8220;#293B45&#8243; use_background_color_gradient=&#8220;on&#8220; background_color_gradient_stops=&#8220;gcid-606d042f-c90f-4ea6-97e7-7b08f1ba25f6 20%|rgba(41,59,69,0.8) 100%&#8220; background_color_gradient_overlays_image=&#8220;on&#8220; background_image=&#8220;http:\/\/lamaland-wm.de\/wp-content\/uploads\/2023\/05\/coaching-8.jpg&#8220; custom_padding=&#8220;6px|||||&#8220; saved_tabs=&#8220;all&#8220; collapsed=&#8220;on&#8220; global_colors_info=&#8220;{%22gcid-606d042f-c90f-4ea6-97e7-7b08f1ba25f6%22:%91%22background_color_gradient_stops%22%93}&#8220;][et_pb_row column_structure=&#8220;1_2,1_2&#8243; _builder_version=&#8220;4.20.0&#8243; _module_preset=&#8220;default&#8220; global_colors_info=&#8220;{}&#8220;][et_pb_column type=&#8220;1_2&#8243; _builder_version=&#8220;4.20.0&#8243; _module_preset=&#8220;default&#8220; global_colors_info=&#8220;{}&#8220;][et_pb_text _builder_version=&#8220;4.21.0&#8243; _module_preset=&#8220;0c3607a8-e1f2-413c-b880-a9e42aadcf1e&#8220; header_3_text_color=&#8220;#FFFFFF&#8220; custom_margin=&#8220;||10px||false|false&#8220; global_colors_info=&#8220;{}&#8220;]<\/p>\n<h3>LamaLand Willka Maki\u00a0<\/h3>\n<p>[\/et_pb_text][et_pb_text _builder_version=&#8220;4.21.0&#8243; _module_preset=&#8220;a78e0b18-7963-4ed0-8c1a-f996cd531df2&#8243; text_text_color=&#8220;#FFFFFF&#8220; global_colors_info=&#8220;{}&#8220;]<\/p>\n<div><\/div>\n<div>Ahornberg 21<\/div>\n<div>95671 B\u00e4rnau<\/div>\n<div>\n<p>+4916098291938<\/p>\n<p>E-Mail: lamaland.wm@gmail.com<\/p>\n<\/div>\n<p>[\/et_pb_text][\/et_pb_column][et_pb_column type=&#8220;1_2&#8243; _builder_version=&#8220;4.20.0&#8243; _module_preset=&#8220;default&#8220; global_colors_info=&#8220;{}&#8220;][\/et_pb_column][\/et_pb_row][\/et_pb_section]<\/p>\n","protected":false},"excerpt":{"rendered":"<p>Lamaland Willka MakiUnvergessliche Erlebnisse mit fantastischen Tieren. Tauche ein in unsere Welt die Dich durch Lamatherapie, \u00fcber Lamaerlebniswanderungen bis hin zu au\u00dfergew\u00f6hnlichen Textilien f\u00fchrt. Einzigartig, Pers\u00f6nlich und UnvergesslichFranziGr\u00fc\u00dft euch, ich bin Franzi. Geb\u00fcrtig komme ich aus Weiden habe in Bamberg und Passau studiert und mehrere Jahre im Heiligen Tal der Inkas in den Hochanden Perus [&hellip;]<\/p>\n","protected":false},"author":1,"featured_media":0,"parent":0,"menu_order":0,"comment_status":"closed","ping_status":"closed","template":"","meta":{"_et_pb_use_builder":"on","_et_pb_old_content":"","_et_gb_content_width":""},"yoast_head":"<!-- This site is optimized with the Yoast SEO plugin v20.9 - https:\/\/yoast.com\/wordpress\/plugins\/seo\/ -->\n<title>Lamaland in B\u00e4rnau | Wanderungen, Erlebnisse und tolle Momente<\/title>\n<meta name=\"description\" content=\"Lama Wanderungen, Erlebnisse, einzigartige Tiere, Bilder und Veranstaltungen erwarten Dich im Lamaland B\u00e4rnau\" \/>\n<meta name=\"robots\" content=\"index, follow, max-snippet:-1, max-image-preview:large, max-video-preview:-1\" \/>\n<link rel=\"canonical\" href=\"https:\/\/lamaland-wm.de\/\" \/>\n<meta property=\"og:locale\" content=\"de_DE\" \/>\n<meta property=\"og:type\" content=\"article\" \/>\n<meta property=\"og:title\" content=\"Lamaland in B\u00e4rnau | Wanderungen, Erlebnisse und tolle Momente\" \/>\n<meta property=\"og:description\" content=\"Lama Wanderungen, Erlebnisse, einzigartige Tiere, Bilder und Veranstaltungen erwarten Dich im Lamaland B\u00e4rnau\" \/>\n<meta property=\"og:url\" content=\"https:\/\/lamaland-wm.de\/\" \/>\n<meta property=\"og:site_name\" content=\"Lamaland-wm\" \/>\n<meta property=\"article:modified_time\" content=\"2023-11-02T12:50:32+00:00\" \/>\n<meta name=\"twitter:card\" content=\"summary_large_image\" \/>\n<meta name=\"twitter:label1\" content=\"Gesch\u00e4tzte Lesezeit\" \/>\n\t<meta name=\"twitter:data1\" content=\"4 Minuten\" \/>\n<script type=\"application\/ld+json\" class=\"yoast-schema-graph\">{\"@context\":\"https:\/\/schema.org\",\"@graph\":[{\"@type\":\"WebPage\",\"@id\":\"https:\/\/lamaland-wm.de\/\",\"url\":\"https:\/\/lamaland-wm.de\/\",\"name\":\"Lamaland in B\u00e4rnau | Wanderungen, Erlebnisse und tolle Momente\",\"isPartOf\":{\"@id\":\"https:\/\/lamaland-wm.de\/#website\"},\"datePublished\":\"2023-05-16T19:28:53+00:00\",\"dateModified\":\"2023-11-02T12:50:32+00:00\",\"description\":\"Lama Wanderungen, Erlebnisse, einzigartige Tiere, Bilder und Veranstaltungen erwarten Dich im Lamaland B\u00e4rnau\",\"breadcrumb\":{\"@id\":\"https:\/\/lamaland-wm.de\/#breadcrumb\"},\"inLanguage\":\"de-DE\",\"potentialAction\":[{\"@type\":\"ReadAction\",\"target\":[\"https:\/\/lamaland-wm.de\/\"]}]},{\"@type\":\"BreadcrumbList\",\"@id\":\"https:\/\/lamaland-wm.de\/#breadcrumb\",\"itemListElement\":[{\"@type\":\"ListItem\",\"position\":1,\"name\":\"Startseite\",\"item\":\"https:\/\/lamaland-wm.de\/\"},{\"@type\":\"ListItem\",\"position\":2,\"name\":\"Home\"}]},{\"@type\":\"WebSite\",\"@id\":\"https:\/\/lamaland-wm.de\/#website\",\"url\":\"https:\/\/lamaland-wm.de\/\",\"name\":\"Lamaland-wm\",\"description\":\"Alles rund um Lamas \",\"publisher\":{\"@id\":\"https:\/\/lamaland-wm.de\/#organization\"},\"potentialAction\":[{\"@type\":\"SearchAction\",\"target\":{\"@type\":\"EntryPoint\",\"urlTemplate\":\"https:\/\/lamaland-wm.de\/?s={search_term_string}\"},\"query-input\":\"required name=search_term_string\"}],\"inLanguage\":\"de-DE\"},{\"@type\":\"Organization\",\"@id\":\"https:\/\/lamaland-wm.de\/#organization\",\"name\":\"Lamaland-wm\",\"url\":\"https:\/\/lamaland-wm.de\/\",\"logo\":{\"@type\":\"ImageObject\",\"inLanguage\":\"de-DE\",\"@id\":\"https:\/\/lamaland-wm.de\/#\/schema\/logo\/image\/\",\"url\":null,\"contentUrl\":null,\"width\":1024,\"height\":791,\"caption\":\"Lamaland-wm\"},\"image\":{\"@id\":\"https:\/\/lamaland-wm.de\/#\/schema\/logo\/image\/\"}}]}<\/script>\n<!-- \/ Yoast SEO plugin. -->","yoast_head_json":{"title":"Lamaland in B\u00e4rnau | Wanderungen, Erlebnisse und tolle Momente","description":"Lama Wanderungen, Erlebnisse, einzigartige Tiere, Bilder und Veranstaltungen erwarten Dich im Lamaland B\u00e4rnau","robots":{"index":"index","follow":"follow","max-snippet":"max-snippet:-1","max-image-preview":"max-image-preview:large","max-video-preview":"max-video-preview:-1"},"canonical":"https:\/\/lamaland-wm.de\/","og_locale":"de_DE","og_type":"article","og_title":"Lamaland in B\u00e4rnau | Wanderungen, Erlebnisse und tolle Momente","og_description":"Lama Wanderungen, Erlebnisse, einzigartige Tiere, Bilder und Veranstaltungen erwarten Dich im Lamaland B\u00e4rnau","og_url":"https:\/\/lamaland-wm.de\/","og_site_name":"Lamaland-wm","article_modified_time":"2023-11-02T12:50:32+00:00","twitter_card":"summary_large_image","twitter_misc":{"Gesch\u00e4tzte Lesezeit":"4 Minuten"},"schema":{"@context":"https:\/\/schema.org","@graph":[{"@type":"WebPage","@id":"https:\/\/lamaland-wm.de\/","url":"https:\/\/lamaland-wm.de\/","name":"Lamaland in B\u00e4rnau | Wanderungen, Erlebnisse und tolle Momente","isPartOf":{"@id":"https:\/\/lamaland-wm.de\/#website"},"datePublished":"2023-05-16T19:28:53+00:00","dateModified":"2023-11-02T12:50:32+00:00","description":"Lama Wanderungen, Erlebnisse, einzigartige Tiere, Bilder und Veranstaltungen erwarten Dich im Lamaland B\u00e4rnau","breadcrumb":{"@id":"https:\/\/lamaland-wm.de\/#breadcrumb"},"inLanguage":"de-DE","potentialAction":[{"@type":"ReadAction","target":["https:\/\/lamaland-wm.de\/"]}]},{"@type":"BreadcrumbList","@id":"https:\/\/lamaland-wm.de\/#breadcrumb","itemListElement":[{"@type":"ListItem","position":1,"name":"Startseite","item":"https:\/\/lamaland-wm.de\/"},{"@type":"ListItem","position":2,"name":"Home"}]},{"@type":"WebSite","@id":"https:\/\/lamaland-wm.de\/#website","url":"https:\/\/lamaland-wm.de\/","name":"Lamaland-wm","description":"Alles rund um Lamas ","publisher":{"@id":"https:\/\/lamaland-wm.de\/#organization"},"potentialAction":[{"@type":"SearchAction","target":{"@type":"EntryPoint","urlTemplate":"https:\/\/lamaland-wm.de\/?s={search_term_string}"},"query-input":"required name=search_term_string"}],"inLanguage":"de-DE"},{"@type":"Organization","@id":"https:\/\/lamaland-wm.de\/#organization","name":"Lamaland-wm","url":"https:\/\/lamaland-wm.de\/","logo":{"@type":"ImageObject","inLanguage":"de-DE","@id":"https:\/\/lamaland-wm.de\/#\/schema\/logo\/image\/","url":null,"contentUrl":null,"width":1024,"height":791,"caption":"Lamaland-wm"},"image":{"@id":"https:\/\/lamaland-wm.de\/#\/schema\/logo\/image\/"}}]}},"_links":{"self":[{"href":"https:\/\/lamaland-wm.de\/index.php?rest_route=\/wp\/v2\/pages\/19"}],"collection":[{"href":"https:\/\/lamaland-wm.de\/index.php?rest_route=\/wp\/v2\/pages"}],"about":[{"href":"https:\/\/lamaland-wm.de\/index.php?rest_route=\/wp\/v2\/types\/page"}],"author":[{"embeddable":true,"href":"https:\/\/lamaland-wm.de\/index.php?rest_route=\/wp\/v2\/users\/1"}],"replies":[{"embeddable":true,"href":"https:\/\/lamaland-wm.de\/index.php?rest_route=%2Fwp%2Fv2%2Fcomments&post=19"}],"version-history":[{"count":38,"href":"https:\/\/lamaland-wm.de\/index.php?rest_route=\/wp\/v2\/pages\/19\/revisions"}],"predecessor-version":[{"id":267,"href":"https:\/\/lamaland-wm.de\/index.php?rest_route=\/wp\/v2\/pages\/19\/revisions\/267"}],"wp:attachment":[{"href":"https:\/\/lamaland-wm.de\/index.php?rest_route=%2Fwp%2Fv2%2Fmedia&parent=19"}],"curies":[{"name":"wp","href":"https:\/\/api.w.org\/{rel}","templated":true}]}}