{"id":94,"date":"2023-05-29T20:37:30","date_gmt":"2023-05-29T20:37:30","guid":{"rendered":"http:\/\/lamaland-wm.de\/?page_id=94"},"modified":"2024-10-13T19:23:31","modified_gmt":"2024-10-13T19:23:31","slug":"wanderungen","status":"publish","type":"page","link":"https:\/\/lamaland-wm.de\/?page_id=94","title":{"rendered":"Wanderungen"},"content":{"rendered":"<p>[et_pb_section fb_built=&#8220;1&#8243; admin_label=&#8220;Header&#8220; _builder_version=&#8220;4.20.0&#8243; _module_preset=&#8220;default&#8220; background_color=&#8220;#F9F6F1&#8243; use_background_color_gradient=&#8220;on&#8220; background_color_gradient_direction=&#8220;90deg&#8220; background_color_gradient_stops=&#8220;rgba(255,255,255,0) 37%|#ffffff 37%&#8220; background_color_gradient_overlays_image=&#8220;on&#8220; background_enable_image=&#8220;off&#8220; background_last_edited=&#8220;on|desktop&#8220; background_color_gradient_direction_tablet=&#8220;-180deg&#8220; locked=&#8220;off&#8220; collapsed=&#8220;on&#8220; global_colors_info=&#8220;{}&#8220;][et_pb_row column_structure=&#8220;1_3,2_3&#8243; _builder_version=&#8220;4.20.0&#8243; _module_preset=&#8220;default&#8220; global_colors_info=&#8220;{}&#8220;][et_pb_column type=&#8220;1_3&#8243; _builder_version=&#8220;4.20.0&#8243; _module_preset=&#8220;default&#8220; global_colors_info=&#8220;{}&#8220;][et_pb_image src=&#8220;http:\/\/lamaland-wm.de\/wp-content\/uploads\/2023\/08\/20230716_151709.jpg&#8220; title_text=&#8220;20230716_151709&#8243; _builder_version=&#8220;4.21.0&#8243; _module_preset=&#8220;default&#8220; max_height_tablet=&#8220;300px&#8220; max_height_phone=&#8220;300px&#8220; max_height_last_edited=&#8220;on|tablet&#8220; global_colors_info=&#8220;{}&#8220;][\/et_pb_image][\/et_pb_column][et_pb_column type=&#8220;2_3&#8243; _builder_version=&#8220;4.20.0&#8243; _module_preset=&#8220;default&#8220; global_colors_info=&#8220;{}&#8220;][et_pb_text _builder_version=&#8220;4.21.0&#8243; _module_preset=&#8220;f238f2b5-9fcd-4957-ab2f-f7a24192ff1d&#8220; global_colors_info=&#8220;{}&#8220;]<\/p>\n<h1><b>Erlebnis-wanderung <\/b><\/h1>\n<p>[\/et_pb_text][et_pb_button button_url=&#8220;http:\/\/lamaland-wm.de\/?page_id=139&#8243; button_text=&#8220;Anfrage stellen&#8220; _builder_version=&#8220;4.21.0&#8243; _module_preset=&#8220;b6b4690f-4609-47f4-ac6c-af1b9432791c&#8220; global_colors_info=&#8220;{}&#8220;][\/et_pb_button][et_pb_text _builder_version=&#8220;4.21.0&#8243; _module_preset=&#8220;eecdcf83-e63c-4bce-8807-670bbad3e4d8&#8243; locked=&#8220;off&#8220; global_colors_info=&#8220;{}&#8220;]<\/p>\n<p>&nbsp;<\/p>\n<p><span style=\"font-weight: 400;\">Unsere Erlebniswanderungen gehen direkt bei uns auf der Weide los und enden hier auch wieder.<\/span><\/p>\n<p><span style=\"font-weight: 400;\">Nach der Wanderung, k\u00f6nnt ihr euch gern auf der Terrasse oder auch in unserem \u201ecuarto peruano\u201c aufhalten und noch etwas verweilen. F\u00fcr jeden Teilnehmer haben wir ein kleines Gastgeschenk.\u00a0<\/span><\/p>\n<p><span style=\"font-weight: 400;\">Unsere Wanderungen k\u00f6nnen wir nach euren W\u00fcnschen zwischen 1 und 2,5 Stunden anpassen.<\/span><\/p>\n<p><span style=\"font-weight: 400;\">Au\u00dferdem ist es uns besonders wichtig, dass ihr viel Freude und eine sch\u00f6ne Zeit habt, wenn ihr mit jemanden im Rollstuhl, Kinderwagen oder einem Handicap kommen wollt, organisieren wir eine Wanderung bzw. Tierbegegnung die wir zuvor mit euch planen und organisieren. Gr\u00f6\u00dfere Gruppen oder auch individuelle W\u00fcnsche f\u00fcr eine \u201eQuality-Paar\/Familien-Time\u201c kl\u00e4ren wir ebenso direkt mit euch.\u00a0<br \/><\/span><\/p>\n<p>&nbsp;<\/p>\n<p><strong>Preise:\u00a0<\/strong><\/p>\n<p><span style=\"font-weight: 400;\">27 Euro x Pro Person ab 16 Jahren\u00a0<\/span><\/p>\n<p><span style=\"font-weight: 400;\">20 Euro x Pro Person zwischen 7 und 15 Jahren\u00a0<\/span><\/p>\n<p>\u00a0 8 Euro x Pro Kind zwischen 4 und 6 Jahren\u00a0<\/p>\n<p>F\u00fcr gr\u00f6\u00dfere Anfragen kontaktiert uns einfach!\u00a0<span style=\"font-weight: 400;\"> <br \/><\/span><\/p>\n<p>\u00a0<span style=\"font-weight: 400;\"><\/span><\/p>\n<p><span style=\"font-weight: 400;\">Wenn Ihr Interesse habt, freuen wir uns sehr, euch einen kleinen gastronomischen Einblick in die Peruanische K\u00fcche z.B. das klassische peruanische \u00c4quivalent unserer Leberk\u00e4ssemmel zu geben. Gern bieten wir euch auch das typische peruanische Bier Cusquena, oder die Softdrink Variante \u201eInka Cola\u201c an. Zuletzt w\u00e4re noch der Pisco zu nennen, unser Traubendestillat, das man klassisch pur trinken kann, mit Fruchts\u00e4ften s\u00fc\u00dfen kann oder traditionell als Pisco Sour.\u00a0<\/span><\/p>\n<p><span style=\"font-weight: 400;\">Sprecht uns darauf an und wir erstellen euch ein individuelles Paket. <\/span><\/p>\n<p><br style=\"font-weight: 400;\" \/><br style=\"font-weight: 400;\" \/><\/p>\n<p>[\/et_pb_text][et_pb_image src=&#8220;http:\/\/lamaland-wm.de\/wp-content\/uploads\/2023\/06\/IMG_20230318_121619.jpg&#8220; title_text=&#8220;IMG_20230318_121619&#8243; _builder_version=&#8220;4.21.0&#8243; _module_preset=&#8220;default&#8220; locked=&#8220;off&#8220; global_colors_info=&#8220;{}&#8220;][\/et_pb_image][et_pb_image src=&#8220;http:\/\/lamaland-wm.de\/wp-content\/uploads\/2023\/07\/20230702_144445.jpg&#8220; title_text=&#8220;20230702_144445&#8243; _builder_version=&#8220;4.21.0&#8243; _module_preset=&#8220;default&#8220; global_colors_info=&#8220;{}&#8220;][\/et_pb_image][et_pb_image src=&#8220;http:\/\/lamaland-wm.de\/wp-content\/uploads\/2023\/05\/Lamaerlebnisse-scaled.jpg&#8220; title_text=&#8220;Lamaerlebnisse&#8220; _builder_version=&#8220;4.21.0&#8243; _module_preset=&#8220;default&#8220; global_colors_info=&#8220;{}&#8220;][\/et_pb_image][et_pb_image src=&#8220;http:\/\/lamaland-wm.de\/wp-content\/uploads\/2023\/06\/IMG-20230611-WA0026.jpg&#8220; title_text=&#8220;IMG-20230611-WA0026&#8243; _builder_version=&#8220;4.21.0&#8243; _module_preset=&#8220;default&#8220; global_colors_info=&#8220;{}&#8220;][\/et_pb_image][\/et_pb_column][\/et_pb_row][\/et_pb_section]<\/p>\n","protected":false},"excerpt":{"rendered":"<p>Erlebnis-wanderung &nbsp; Unsere Erlebniswanderungen gehen direkt bei uns auf der Weide los und enden hier auch wieder. Nach der Wanderung, k\u00f6nnt ihr euch gern auf der Terrasse oder auch in unserem \u201ecuarto peruano\u201c aufhalten und noch etwas verweilen. F\u00fcr jeden Teilnehmer haben wir ein kleines Gastgeschenk.\u00a0 Unsere Wanderungen k\u00f6nnen wir nach euren W\u00fcnschen zwischen 1 [&hellip;]<\/p>\n","protected":false},"author":1,"featured_media":0,"parent":0,"menu_order":0,"comment_status":"closed","ping_status":"closed","template":"","meta":{"_et_pb_use_builder":"on","_et_pb_old_content":"","_et_gb_content_width":""},"yoast_head":"<!-- This site is optimized with the Yoast SEO plugin v20.9 - https:\/\/yoast.com\/wordpress\/plugins\/seo\/ -->\n<title>Lama Wanderungen<\/title>\n<meta name=\"description\" content=\"Lama Wanderungen, Freizeit, Tolle Momente mit tollen Lama Tieren\" \/>\n<meta name=\"robots\" content=\"index, follow, max-snippet:-1, max-image-preview:large, max-video-preview:-1\" \/>\n<link rel=\"canonical\" href=\"https:\/\/lamaland-wm.de\/?page_id=94\" \/>\n<meta property=\"og:locale\" content=\"de_DE\" \/>\n<meta property=\"og:type\" content=\"article\" \/>\n<meta property=\"og:title\" content=\"Lama Wanderungen\" \/>\n<meta property=\"og:description\" content=\"Lama Wanderungen, Freizeit, Tolle Momente mit tollen Lama Tieren\" \/>\n<meta property=\"og:url\" content=\"https:\/\/lamaland-wm.de\/?page_id=94\" \/>\n<meta property=\"og:site_name\" content=\"Lamaland-wm\" \/>\n<meta property=\"article:modified_time\" content=\"2024-10-13T19:23:31+00:00\" \/>\n<meta name=\"twitter:card\" content=\"summary_large_image\" \/>\n<meta name=\"twitter:label1\" content=\"Gesch\u00e4tzte Lesezeit\" \/>\n\t<meta name=\"twitter:data1\" content=\"2 Minuten\" \/>\n<script type=\"application\/ld+json\" class=\"yoast-schema-graph\">{\"@context\":\"https:\/\/schema.org\",\"@graph\":[{\"@type\":\"WebPage\",\"@id\":\"https:\/\/lamaland-wm.de\/?page_id=94\",\"url\":\"https:\/\/lamaland-wm.de\/?page_id=94\",\"name\":\"Lama Wanderungen\",\"isPartOf\":{\"@id\":\"https:\/\/lamaland-wm.de\/#website\"},\"datePublished\":\"2023-05-29T20:37:30+00:00\",\"dateModified\":\"2024-10-13T19:23:31+00:00\",\"description\":\"Lama Wanderungen, Freizeit, Tolle Momente mit tollen Lama Tieren\",\"breadcrumb\":{\"@id\":\"https:\/\/lamaland-wm.de\/?page_id=94#breadcrumb\"},\"inLanguage\":\"de-DE\",\"potentialAction\":[{\"@type\":\"ReadAction\",\"target\":[\"https:\/\/lamaland-wm.de\/?page_id=94\"]}]},{\"@type\":\"BreadcrumbList\",\"@id\":\"https:\/\/lamaland-wm.de\/?page_id=94#breadcrumb\",\"itemListElement\":[{\"@type\":\"ListItem\",\"position\":1,\"name\":\"Startseite\",\"item\":\"https:\/\/lamaland-wm.de\/\"},{\"@type\":\"ListItem\",\"position\":2,\"name\":\"Wanderungen\"}]},{\"@type\":\"WebSite\",\"@id\":\"https:\/\/lamaland-wm.de\/#website\",\"url\":\"https:\/\/lamaland-wm.de\/\",\"name\":\"Lamaland-wm\",\"description\":\"Alles rund um Lamas \",\"publisher\":{\"@id\":\"https:\/\/lamaland-wm.de\/#organization\"},\"potentialAction\":[{\"@type\":\"SearchAction\",\"target\":{\"@type\":\"EntryPoint\",\"urlTemplate\":\"https:\/\/lamaland-wm.de\/?s={search_term_string}\"},\"query-input\":\"required name=search_term_string\"}],\"inLanguage\":\"de-DE\"},{\"@type\":\"Organization\",\"@id\":\"https:\/\/lamaland-wm.de\/#organization\",\"name\":\"Lamaland-wm\",\"url\":\"https:\/\/lamaland-wm.de\/\",\"logo\":{\"@type\":\"ImageObject\",\"inLanguage\":\"de-DE\",\"@id\":\"https:\/\/lamaland-wm.de\/#\/schema\/logo\/image\/\",\"url\":null,\"contentUrl\":null,\"width\":1024,\"height\":791,\"caption\":\"Lamaland-wm\"},\"image\":{\"@id\":\"https:\/\/lamaland-wm.de\/#\/schema\/logo\/image\/\"}}]}<\/script>\n<!-- \/ Yoast SEO plugin. -->","yoast_head_json":{"title":"Lama Wanderungen","description":"Lama Wanderungen, Freizeit, Tolle Momente mit tollen Lama Tieren","robots":{"index":"index","follow":"follow","max-snippet":"max-snippet:-1","max-image-preview":"max-image-preview:large","max-video-preview":"max-video-preview:-1"},"canonical":"https:\/\/lamaland-wm.de\/?page_id=94","og_locale":"de_DE","og_type":"article","og_title":"Lama Wanderungen","og_description":"Lama Wanderungen, Freizeit, Tolle Momente mit tollen Lama Tieren","og_url":"https:\/\/lamaland-wm.de\/?page_id=94","og_site_name":"Lamaland-wm","article_modified_time":"2024-10-13T19:23:31+00:00","twitter_card":"summary_large_image","twitter_misc":{"Gesch\u00e4tzte Lesezeit":"2 Minuten"},"schema":{"@context":"https:\/\/schema.org","@graph":[{"@type":"WebPage","@id":"https:\/\/lamaland-wm.de\/?page_id=94","url":"https:\/\/lamaland-wm.de\/?page_id=94","name":"Lama Wanderungen","isPartOf":{"@id":"https:\/\/lamaland-wm.de\/#website"},"datePublished":"2023-05-29T20:37:30+00:00","dateModified":"2024-10-13T19:23:31+00:00","description":"Lama Wanderungen, Freizeit, Tolle Momente mit tollen Lama Tieren","breadcrumb":{"@id":"https:\/\/lamaland-wm.de\/?page_id=94#breadcrumb"},"inLanguage":"de-DE","potentialAction":[{"@type":"ReadAction","target":["https:\/\/lamaland-wm.de\/?page_id=94"]}]},{"@type":"BreadcrumbList","@id":"https:\/\/lamaland-wm.de\/?page_id=94#breadcrumb","itemListElement":[{"@type":"ListItem","position":1,"name":"Startseite","item":"https:\/\/lamaland-wm.de\/"},{"@type":"ListItem","position":2,"name":"Wanderungen"}]},{"@type":"WebSite","@id":"https:\/\/lamaland-wm.de\/#website","url":"https:\/\/lamaland-wm.de\/","name":"Lamaland-wm","description":"Alles rund um Lamas ","publisher":{"@id":"https:\/\/lamaland-wm.de\/#organization"},"potentialAction":[{"@type":"SearchAction","target":{"@type":"EntryPoint","urlTemplate":"https:\/\/lamaland-wm.de\/?s={search_term_string}"},"query-input":"required name=search_term_string"}],"inLanguage":"de-DE"},{"@type":"Organization","@id":"https:\/\/lamaland-wm.de\/#organization","name":"Lamaland-wm","url":"https:\/\/lamaland-wm.de\/","logo":{"@type":"ImageObject","inLanguage":"de-DE","@id":"https:\/\/lamaland-wm.de\/#\/schema\/logo\/image\/","url":null,"contentUrl":null,"width":1024,"height":791,"caption":"Lamaland-wm"},"image":{"@id":"https:\/\/lamaland-wm.de\/#\/schema\/logo\/image\/"}}]}},"_links":{"self":[{"href":"https:\/\/lamaland-wm.de\/index.php?rest_route=\/wp\/v2\/pages\/94"}],"collection":[{"href":"https:\/\/lamaland-wm.de\/index.php?rest_route=\/wp\/v2\/pages"}],"about":[{"href":"https:\/\/lamaland-wm.de\/index.php?rest_route=\/wp\/v2\/types\/page"}],"author":[{"embeddable":true,"href":"https:\/\/lamaland-wm.de\/index.php?rest_route=\/wp\/v2\/users\/1"}],"replies":[{"embeddable":true,"href":"https:\/\/lamaland-wm.de\/index.php?rest_route=%2Fwp%2Fv2%2Fcomments&post=94"}],"version-history":[{"count":17,"href":"https:\/\/lamaland-wm.de\/index.php?rest_route=\/wp\/v2\/pages\/94\/revisions"}],"predecessor-version":[{"id":310,"href":"https:\/\/lamaland-wm.de\/index.php?rest_route=\/wp\/v2\/pages\/94\/revisions\/310"}],"wp:attachment":[{"href":"https:\/\/lamaland-wm.de\/index.php?rest_route=%2Fwp%2Fv2%2Fmedia&parent=94"}],"curies":[{"name":"wp","href":"https:\/\/api.w.org\/{rel}","templated":true}]}}